{"id":103,"date":"2022-06-30T15:14:10","date_gmt":"2022-06-30T18:14:10","guid":{"rendered":"https:\/\/www.ortopedicav2.com.br\/site\/?post_type=product&#038;p=103"},"modified":"2024-11-12T19:48:30","modified_gmt":"2024-11-12T22:48:30","slug":"protese-transfemural","status":"publish","type":"product","link":"https:\/\/www.ortopedicav2.com.br\/site\/produto\/protese-transfemural\/","title":{"rendered":"Pr\u00f3tese Transfemural"},"content":{"rendered":"<p>A pr\u00f3tese transfemural, \u00e9 indicada para pessoas que tiveram amputa\u00e7\u00e3oo entre a articula\u00e7\u00e3o do quadril e o joelho. A manunten\u00e7\u00e3o da amplitude de movimento e for\u00e7a muscular da musculatura p\u00e9lvica \u00e9 importante para a marcha. Ela pode ser dividida em tr\u00eas n\u00edveis:<\/p>\n<ul>\n<li>Proximal (Curto)<\/li>\n<li>Medial<\/li>\n<li>Distal (Longo)<\/li>\n<\/ul>\n<p>Confeccionada em polipropileno, fibra de carbono ou resina acr\u00edlica, mais componentes em a\u00e7o ou alum\u00ednio.<\/p>\n<p>Feita sob medida.<\/p>\n","protected":false},"excerpt":{"rendered":"<p>A pr\u00f3tese transfemural, \u00e9 indicada para pessoas que tiveram amputa\u00e7\u00e3oo entre a articula\u00e7\u00e3o do quadril e o joelho. A manunten\u00e7\u00e3o da amplitude de movimento e for\u00e7a muscular da musculatura p\u00e9lvica \u00e9 importante para a marcha. Ela pode ser dividida em tr\u00eas n\u00edveis: Proximal (Curto) Medial Distal (Longo) Confeccionada em polipropileno, fibra de carbono ou resina [&hellip;]<\/p>\n","protected":false},"featured_media":120,"comment_status":"closed","ping_status":"closed","template":"","meta":[],"class_list":{"0":"post-103","1":"product","2":"type-product","3":"status-publish","4":"has-post-thumbnail","6":"product_cat-proteses","8":"first","9":"instock","10":"shipping-taxable","11":"product-type-simple"},"_links":{"self":[{"href":"https:\/\/www.ortopedicav2.com.br\/site\/wp-json\/wp\/v2\/product\/103"}],"collection":[{"href":"https:\/\/www.ortopedicav2.com.br\/site\/wp-json\/wp\/v2\/product"}],"about":[{"href":"https:\/\/www.ortopedicav2.com.br\/site\/wp-json\/wp\/v2\/types\/product"}],"replies":[{"embeddable":true,"href":"https:\/\/www.ortopedicav2.com.br\/site\/wp-json\/wp\/v2\/comments?post=103"}],"wp:featuredmedia":[{"embeddable":true,"href":"https:\/\/www.ortopedicav2.com.br\/site\/wp-json\/wp\/v2\/media\/120"}],"wp:attachment":[{"href":"https:\/\/www.ortopedicav2.com.br\/site\/wp-json\/wp\/v2\/media?parent=103"}],"curies":[{"name":"wp","href":"https:\/\/api.w.org\/{rel}","templated":true}]}}