{"id":139,"date":"2022-09-06T09:32:18","date_gmt":"2022-09-06T12:32:18","guid":{"rendered":"https:\/\/www.ortopedicav2.com.br\/site\/?post_type=product&#038;p=139"},"modified":"2024-11-12T19:48:30","modified_gmt":"2024-11-12T22:48:30","slug":"liner-ortho-pauher-7sl50-de-silicone-transtibial-com-conexao","status":"publish","type":"product","link":"https:\/\/www.ortopedicav2.com.br\/site\/produto\/liner-ortho-pauher-7sl50-de-silicone-transtibial-com-conexao\/","title":{"rendered":"Liner Ortho Pauher 7SL50 de Silicone Transtibial Com Conex\u00e3o"},"content":{"rendered":"<p id=\"espec\" class=\"produto-especificacoes\">Especifica\u00e7\u00f5es<\/p>\n<ul>\n<li>Cont\u00e9m\u00a0<strong>01 Unidade<\/strong><\/li>\n<li>ANVISA 80223340013<\/li>\n<li>Espessura do Liner:\u00a0<b>3mm<\/b><\/li>\n<li>Comprimento: 38cm aproximadamente<\/li>\n<li>Composi\u00e7\u00e3o: 100% Silicone e Conex\u00e3o de Alum\u00ednio<\/li>\n<\/ul>\n<table class=\"prodtable\" style=\"height: 293px;\" width=\"238\">\n<tbody>\n<tr>\n<th>Circunfer\u00eancia do Coto<\/th>\n<\/tr>\n<tr>\n<td style=\"text-align: center;\">220mm<\/td>\n<\/tr>\n<tr>\n<td style=\"text-align: center;\">235mm<\/td>\n<\/tr>\n<tr>\n<td style=\"text-align: center;\">250mm<\/td>\n<\/tr>\n<tr>\n<td style=\"text-align: center;\">265mm<\/td>\n<\/tr>\n<tr>\n<td style=\"text-align: center;\">280mm<\/td>\n<\/tr>\n<tr>\n<td style=\"text-align: center;\">300mm<\/td>\n<\/tr>\n<tr>\n<td style=\"text-align: center;\">320mm<\/td>\n<\/tr>\n<tr>\n<td style=\"text-align: center;\">340mm<\/td>\n<\/tr>\n<\/tbody>\n<\/table>\n","protected":false},"excerpt":{"rendered":"<p>Especifica\u00e7\u00f5es Cont\u00e9m\u00a001 Unidade ANVISA 80223340013 Espessura do Liner:\u00a03mm Comprimento: 38cm aproximadamente Composi\u00e7\u00e3o: 100% Silicone e Conex\u00e3o de Alum\u00ednio Circunfer\u00eancia do Coto 220mm 235mm 250mm 265mm 280mm 300mm 320mm 340mm<\/p>\n","protected":false},"featured_media":152,"comment_status":"closed","ping_status":"closed","template":"","meta":[],"class_list":{"0":"post-139","1":"product","2":"type-product","3":"status-publish","4":"has-post-thumbnail","6":"product_cat-liner","8":"first","9":"instock","10":"shipping-taxable","11":"product-type-simple"},"_links":{"self":[{"href":"https:\/\/www.ortopedicav2.com.br\/site\/wp-json\/wp\/v2\/product\/139"}],"collection":[{"href":"https:\/\/www.ortopedicav2.com.br\/site\/wp-json\/wp\/v2\/product"}],"about":[{"href":"https:\/\/www.ortopedicav2.com.br\/site\/wp-json\/wp\/v2\/types\/product"}],"replies":[{"embeddable":true,"href":"https:\/\/www.ortopedicav2.com.br\/site\/wp-json\/wp\/v2\/comments?post=139"}],"wp:featuredmedia":[{"embeddable":true,"href":"https:\/\/www.ortopedicav2.com.br\/site\/wp-json\/wp\/v2\/media\/152"}],"wp:attachment":[{"href":"https:\/\/www.ortopedicav2.com.br\/site\/wp-json\/wp\/v2\/media?parent=139"}],"curies":[{"name":"wp","href":"https:\/\/api.w.org\/{rel}","templated":true}]}}