{"id":142,"date":"2022-09-06T09:34:02","date_gmt":"2022-09-06T12:34:02","guid":{"rendered":"https:\/\/www.ortopedicav2.com.br\/site\/?post_type=product&#038;p=142"},"modified":"2024-11-12T19:48:30","modified_gmt":"2024-11-12T22:48:30","slug":"liner-ortho-pauher-gl70-de-gel-transtibial-sem-conexao","status":"publish","type":"product","link":"https:\/\/www.ortopedicav2.com.br\/site\/produto\/liner-ortho-pauher-gl70-de-gel-transtibial-sem-conexao\/","title":{"rendered":"Liner Ortho Pauher GL70 de Gel Transtibial Sem Conex\u00e3o"},"content":{"rendered":"<p id=\"espec\" class=\"produto-especificacoes\">Especifica\u00e7\u00f5es<\/p>\n<ul>\n<li>Cont\u00e9m\u00a0<strong>01 Unidade<\/strong><\/li>\n<li>ANVISA 80223340013<\/li>\n<li>Comprimento: 38cm aproximadamente<\/li>\n<li>Composi\u00e7\u00e3o: Uretano<\/li>\n<\/ul>\n<table class=\"prodtable\" style=\"height: 141px;\" width=\"343\">\n<tbody>\n<tr>\n<th>Tamanho<\/th>\n<th>Circunfer\u00eancia do Coto<\/th>\n<\/tr>\n<tr>\n<td style=\"text-align: center;\"><strong>P<\/strong><\/td>\n<td style=\"text-align: center;\">220-250mm<\/td>\n<\/tr>\n<tr>\n<td style=\"text-align: center;\"><strong>M<\/strong><\/td>\n<td style=\"text-align: center;\">250-280mm<\/td>\n<\/tr>\n<tr>\n<td style=\"text-align: center;\"><strong>G<\/strong><\/td>\n<td style=\"text-align: center;\">280-340mm<\/td>\n<\/tr>\n<\/tbody>\n<\/table>\n","protected":false},"excerpt":{"rendered":"<p>Especifica\u00e7\u00f5es Cont\u00e9m\u00a001 Unidade ANVISA 80223340013 Comprimento: 38cm aproximadamente Composi\u00e7\u00e3o: Uretano Tamanho Circunfer\u00eancia do Coto P 220-250mm M 250-280mm G 280-340mm<\/p>\n","protected":false},"featured_media":143,"comment_status":"closed","ping_status":"closed","template":"","meta":[],"class_list":{"0":"post-142","1":"product","2":"type-product","3":"status-publish","4":"has-post-thumbnail","6":"product_cat-liner","8":"first","9":"instock","10":"shipping-taxable","11":"product-type-simple"},"_links":{"self":[{"href":"https:\/\/www.ortopedicav2.com.br\/site\/wp-json\/wp\/v2\/product\/142"}],"collection":[{"href":"https:\/\/www.ortopedicav2.com.br\/site\/wp-json\/wp\/v2\/product"}],"about":[{"href":"https:\/\/www.ortopedicav2.com.br\/site\/wp-json\/wp\/v2\/types\/product"}],"replies":[{"embeddable":true,"href":"https:\/\/www.ortopedicav2.com.br\/site\/wp-json\/wp\/v2\/comments?post=142"}],"wp:featuredmedia":[{"embeddable":true,"href":"https:\/\/www.ortopedicav2.com.br\/site\/wp-json\/wp\/v2\/media\/143"}],"wp:attachment":[{"href":"https:\/\/www.ortopedicav2.com.br\/site\/wp-json\/wp\/v2\/media?parent=142"}],"curies":[{"name":"wp","href":"https:\/\/api.w.org\/{rel}","templated":true}]}}