{"id":156,"date":"2022-09-06T10:22:57","date_gmt":"2022-09-06T13:22:57","guid":{"rendered":"https:\/\/www.ortopedicav2.com.br\/site\/?post_type=product&#038;p=156"},"modified":"2024-11-12T19:48:30","modified_gmt":"2024-11-12T22:48:30","slug":"liner-ortho-pauher-7sl40c-de-silicone-transtibial-sem-conexao","status":"publish","type":"product","link":"https:\/\/www.ortopedicav2.com.br\/site\/produto\/liner-ortho-pauher-7sl40c-de-silicone-transtibial-sem-conexao\/","title":{"rendered":"Liner Ortho Pauher 7SL40C de Silicone Transtibial sem Conex\u00e3o"},"content":{"rendered":"<ul>\n<li>Cont\u00e9m\u00a0<strong>01 Unidade<\/strong><\/li>\n<li>ANVISA 80223340013<\/li>\n<li>Comprimento: 38cm aproximadamente<\/li>\n<li>Composi\u00e7\u00e3o: 100% Silicone<\/li>\n<\/ul>\n<table class=\"prodtable\" style=\"height: 298px;\" width=\"250\">\n<tbody>\n<tr>\n<th>\n<h3 style=\"text-align: left;\">Circunfer\u00eancia do Coto<\/h3>\n<\/th>\n<\/tr>\n<tr>\n<td style=\"text-align: center;\">220mm<\/td>\n<\/tr>\n<tr>\n<td style=\"text-align: center;\">235mm<\/td>\n<\/tr>\n<tr>\n<td style=\"text-align: center;\">250mm<\/td>\n<\/tr>\n<tr>\n<td style=\"text-align: center;\">265mm<\/td>\n<\/tr>\n<tr>\n<td style=\"text-align: center;\">280mm<\/td>\n<\/tr>\n<tr>\n<td style=\"text-align: center;\">300mm<\/td>\n<\/tr>\n<tr>\n<td style=\"text-align: center;\">320mm<\/td>\n<\/tr>\n<tr>\n<td style=\"text-align: center;\">340mm<\/td>\n<\/tr>\n<\/tbody>\n<\/table>\n","protected":false},"excerpt":{"rendered":"<p>Cont\u00e9m\u00a001 Unidade ANVISA 80223340013 Comprimento: 38cm aproximadamente Composi\u00e7\u00e3o: 100% Silicone Circunfer\u00eancia do Coto 220mm 235mm 250mm 265mm 280mm 300mm 320mm 340mm<\/p>\n","protected":false},"featured_media":157,"comment_status":"closed","ping_status":"closed","template":"","meta":[],"class_list":{"0":"post-156","1":"product","2":"type-product","3":"status-publish","4":"has-post-thumbnail","6":"product_cat-liner","8":"first","9":"instock","10":"shipping-taxable","11":"product-type-simple"},"_links":{"self":[{"href":"https:\/\/www.ortopedicav2.com.br\/site\/wp-json\/wp\/v2\/product\/156"}],"collection":[{"href":"https:\/\/www.ortopedicav2.com.br\/site\/wp-json\/wp\/v2\/product"}],"about":[{"href":"https:\/\/www.ortopedicav2.com.br\/site\/wp-json\/wp\/v2\/types\/product"}],"replies":[{"embeddable":true,"href":"https:\/\/www.ortopedicav2.com.br\/site\/wp-json\/wp\/v2\/comments?post=156"}],"wp:featuredmedia":[{"embeddable":true,"href":"https:\/\/www.ortopedicav2.com.br\/site\/wp-json\/wp\/v2\/media\/157"}],"wp:attachment":[{"href":"https:\/\/www.ortopedicav2.com.br\/site\/wp-json\/wp\/v2\/media?parent=156"}],"curies":[{"name":"wp","href":"https:\/\/api.w.org\/{rel}","templated":true}]}}