{"id":161,"date":"2022-09-06T10:27:53","date_gmt":"2022-09-06T13:27:53","guid":{"rendered":"https:\/\/www.ortopedicav2.com.br\/site\/?post_type=product&#038;p=161"},"modified":"2024-11-12T19:48:30","modified_gmt":"2024-11-12T22:48:30","slug":"liner-ottobock-6y510-uneo-flex-transtibial-sem-conexao","status":"publish","type":"product","link":"https:\/\/www.ortopedicav2.com.br\/site\/produto\/liner-ottobock-6y510-uneo-flex-transtibial-sem-conexao\/","title":{"rendered":"Liner Ottobock 6Y510 Uneo Flex Transtibial sem Conex\u00e3o"},"content":{"rendered":"<p id=\"espec\" class=\"produto-especificacoes\">Especifica\u00e7\u00f5es<\/p>\n<ul>\n<li>N\u00edvel de Amputa\u00e7\u00e3o: Transtibial<\/li>\n<li>Cont\u00e9m\u00a0<strong>01 Unidade<\/strong><\/li>\n<li>Modelo:\u00a0<strong>6Y510<\/strong><\/li>\n<li>Material: Poliuretano<\/li>\n<li>Conex\u00e3o Distal: N\u00e3o<\/li>\n<li>Matriz: N\u00e3o<\/li>\n<li>ANVISA 10292010068<\/li>\n<\/ul>\n<table class=\"prodtable\" style=\"height: 184px;\" width=\"148\">\n<tbody>\n<tr>\n<th style=\"text-align: center;\">Tamanho<\/th>\n<\/tr>\n<tr>\n<td style=\"text-align: center;\">210mm<\/td>\n<\/tr>\n<tr>\n<td style=\"text-align: center;\">235mm<\/td>\n<\/tr>\n<tr>\n<td style=\"text-align: center;\">260mm<\/td>\n<\/tr>\n<tr>\n<td style=\"text-align: center;\">285mm<\/td>\n<\/tr>\n<tr>\n<td style=\"text-align: center;\">310mm<\/td>\n<\/tr>\n<\/tbody>\n<\/table>\n<p>&nbsp;<\/p>\n<table class=\"prodtable\" style=\"height: 96px;\" width=\"145\">\n<tbody>\n<tr>\n<th>Comprimento<\/th>\n<\/tr>\n<tr>\n<td style=\"text-align: center;\">125mm<\/td>\n<\/tr>\n<tr>\n<td style=\"text-align: center;\">175mm<\/td>\n<\/tr>\n<\/tbody>\n<\/table>\n","protected":false},"excerpt":{"rendered":"<p>Especifica\u00e7\u00f5es N\u00edvel de Amputa\u00e7\u00e3o: Transtibial Cont\u00e9m\u00a001 Unidade Modelo:\u00a06Y510 Material: Poliuretano Conex\u00e3o Distal: N\u00e3o Matriz: N\u00e3o ANVISA 10292010068 Tamanho 210mm 235mm 260mm 285mm 310mm &nbsp; Comprimento 125mm 175mm<\/p>\n","protected":false},"featured_media":162,"comment_status":"closed","ping_status":"closed","template":"","meta":[],"class_list":{"0":"post-161","1":"product","2":"type-product","3":"status-publish","4":"has-post-thumbnail","6":"product_cat-liner","8":"first","9":"instock","10":"shipping-taxable","11":"product-type-simple"},"_links":{"self":[{"href":"https:\/\/www.ortopedicav2.com.br\/site\/wp-json\/wp\/v2\/product\/161"}],"collection":[{"href":"https:\/\/www.ortopedicav2.com.br\/site\/wp-json\/wp\/v2\/product"}],"about":[{"href":"https:\/\/www.ortopedicav2.com.br\/site\/wp-json\/wp\/v2\/types\/product"}],"replies":[{"embeddable":true,"href":"https:\/\/www.ortopedicav2.com.br\/site\/wp-json\/wp\/v2\/comments?post=161"}],"wp:featuredmedia":[{"embeddable":true,"href":"https:\/\/www.ortopedicav2.com.br\/site\/wp-json\/wp\/v2\/media\/162"}],"wp:attachment":[{"href":"https:\/\/www.ortopedicav2.com.br\/site\/wp-json\/wp\/v2\/media?parent=161"}],"curies":[{"name":"wp","href":"https:\/\/api.w.org\/{rel}","templated":true}]}}