{"id":164,"date":"2022-09-06T10:31:55","date_gmt":"2022-09-06T13:31:55","guid":{"rendered":"https:\/\/www.ortopedicav2.com.br\/site\/?post_type=product&#038;p=164"},"modified":"2024-11-12T19:48:30","modified_gmt":"2024-11-12T22:48:30","slug":"liner-ottobock-6y80-skeo-transfemoral-com-conexao-com-tecido","status":"publish","type":"product","link":"https:\/\/www.ortopedicav2.com.br\/site\/produto\/liner-ottobock-6y80-skeo-transfemoral-com-conexao-com-tecido\/","title":{"rendered":"Liner Ottobock 6Y80 Skeo Transfemoral com Conex\u00e3o com Tecido"},"content":{"rendered":"<h4 id=\"espec\" class=\"produto-especificacoes\">Especifica\u00e7\u00f5es<\/h4>\n<ul>\n<li>Cont\u00e9m\u00a0<strong>01 Unidade<\/strong><\/li>\n<li>Modelo: 6Y80<\/li>\n<li>ANVISA 10292010068<\/li>\n<li>Composi\u00e7\u00e3o: Silicone com Cobertura T\u00eaxtil<\/li>\n<li>N\u00edvel de Amputa\u00e7\u00e3o: transfemoral<\/li>\n<li>Conex\u00e3o Distal: possui<\/li>\n<li>Revestimento em Tecido: possui<\/li>\n<li>Matriz: possui<\/li>\n<li>Tecnologia Skinguard: n\u00e3o possui<\/li>\n<\/ul>\n<h4 id=\"carac\" class=\"produto-caracteristica\">Espessuras Do Liner<\/h4>\n<div><img decoding=\"async\" src=\"https:\/\/recursos.fisiostore.com.br\/MediaCenter\/espessuras-liners-otto-6y80.jpg\" border=\"0\"  loading=\"lazy\" \/><\/div>\n<div><\/div>\n<div>\n<table class=\"prodtable\" style=\"height: 386px;\" width=\"283\">\n<tbody>\n<tr>\n<th>Circunfer\u00eancia Distal do Coto<\/th>\n<\/tr>\n<tr>\n<td style=\"text-align: center;\">280mm<\/td>\n<\/tr>\n<tr>\n<td style=\"text-align: center;\">300mm<\/td>\n<\/tr>\n<tr>\n<td style=\"text-align: center;\">320mm<\/td>\n<\/tr>\n<tr>\n<td style=\"text-align: center;\">340mm<\/td>\n<\/tr>\n<tr>\n<td style=\"text-align: center;\">360mm<\/td>\n<\/tr>\n<tr>\n<td style=\"text-align: center;\">380mm<\/td>\n<\/tr>\n<tr>\n<td style=\"text-align: center;\">400mm<\/td>\n<\/tr>\n<tr>\n<td style=\"text-align: center;\">420mm<\/td>\n<\/tr>\n<tr>\n<td style=\"text-align: center;\">450mm<\/td>\n<\/tr>\n<tr>\n<td style=\"text-align: center;\">500mm<\/td>\n<\/tr>\n<tr>\n<td style=\"text-align: center;\">550mm<\/td>\n<\/tr>\n<\/tbody>\n<\/table>\n<\/div>\n<p>&nbsp;<\/p>\n<p>&nbsp;<\/p>\n","protected":false},"excerpt":{"rendered":"<p>Especifica\u00e7\u00f5es Cont\u00e9m\u00a001 Unidade Modelo: 6Y80 ANVISA 10292010068 Composi\u00e7\u00e3o: Silicone com Cobertura T\u00eaxtil N\u00edvel de Amputa\u00e7\u00e3o: transfemoral Conex\u00e3o Distal: possui Revestimento em Tecido: possui Matriz: possui Tecnologia Skinguard: n\u00e3o possui Espessuras Do Liner Circunfer\u00eancia Distal do Coto 280mm 300mm 320mm 340mm 360mm 380mm 400mm 420mm 450mm 500mm 550mm &nbsp; &nbsp;<\/p>\n","protected":false},"featured_media":165,"comment_status":"closed","ping_status":"closed","template":"","meta":[],"class_list":{"0":"post-164","1":"product","2":"type-product","3":"status-publish","4":"has-post-thumbnail","6":"product_cat-liner","8":"first","9":"instock","10":"shipping-taxable","11":"product-type-simple"},"_links":{"self":[{"href":"https:\/\/www.ortopedicav2.com.br\/site\/wp-json\/wp\/v2\/product\/164"}],"collection":[{"href":"https:\/\/www.ortopedicav2.com.br\/site\/wp-json\/wp\/v2\/product"}],"about":[{"href":"https:\/\/www.ortopedicav2.com.br\/site\/wp-json\/wp\/v2\/types\/product"}],"replies":[{"embeddable":true,"href":"https:\/\/www.ortopedicav2.com.br\/site\/wp-json\/wp\/v2\/comments?post=164"}],"wp:featuredmedia":[{"embeddable":true,"href":"https:\/\/www.ortopedicav2.com.br\/site\/wp-json\/wp\/v2\/media\/165"}],"wp:attachment":[{"href":"https:\/\/www.ortopedicav2.com.br\/site\/wp-json\/wp\/v2\/media?parent=164"}],"curies":[{"name":"wp","href":"https:\/\/api.w.org\/{rel}","templated":true}]}}