{"id":167,"date":"2022-09-06T10:40:39","date_gmt":"2022-09-06T13:40:39","guid":{"rendered":"https:\/\/www.ortopedicav2.com.br\/site\/?post_type=product&#038;p=167"},"modified":"2024-11-12T19:48:30","modified_gmt":"2024-11-12T22:48:30","slug":"liner-ottobock-6y92-caleo-transtibial-sem-conexao-com-tecido","status":"publish","type":"product","link":"https:\/\/www.ortopedicav2.com.br\/site\/produto\/liner-ottobock-6y92-caleo-transtibial-sem-conexao-com-tecido\/","title":{"rendered":"Liner Ottobock 6Y92 Caleo Transtibial sem Conex\u00e3o com Tecido"},"content":{"rendered":"<p>&nbsp;<\/p>\n<ul>\n<li>Cont\u00e9m\u00a0<strong>01 Unidade<\/strong><\/li>\n<li>Modelo: 6Y092<\/li>\n<li>ANVISA 10292010038<\/li>\n<li>Composi\u00e7\u00e3o: Copol\u00edmero (TPE) com Cobertura T\u00eaxtil<\/li>\n<li>N\u00edvel de Amputa\u00e7\u00e3o: transtibial<\/li>\n<li>Conex\u00e3o Distal: n\u00e3o possui<\/li>\n<li>Revestimento em Tecido: possui<\/li>\n<li>Matriz: n\u00e3o possui<\/li>\n<li>Tecnologia Skinguard: n\u00e3o possui<\/li>\n<\/ul>\n<h4 id=\"carac\" class=\"produto-caracteristica\">Espessuras Do Liner<\/h4>\n<div><img decoding=\"async\" src=\"https:\/\/recursos.fisiostore.com.br\/MediaCenter\/espessuras-liners-otto-6y92.jpg\" border=\"0\"  loading=\"lazy\" \/><\/div>\n<h4 id=\"tabela\" class=\"produto-tabela\">Tabela De Medidas<\/h4>\n<table class=\"prodtable\" style=\"height: 220px;\" width=\"290\">\n<tbody>\n<tr>\n<th>Circunfer\u00eancia Distal do Coto<\/th>\n<\/tr>\n<tr>\n<td style=\"text-align: center;\">200mm<\/td>\n<\/tr>\n<tr>\n<td style=\"text-align: center;\">250mm<\/td>\n<\/tr>\n<tr>\n<td style=\"text-align: center;\">280mm<\/td>\n<\/tr>\n<tr>\n<td style=\"text-align: center;\">320mm<\/td>\n<\/tr>\n<tr>\n<td style=\"text-align: center;\">360mm<\/td>\n<\/tr>\n<\/tbody>\n<\/table>\n<p>&nbsp;<\/p>\n","protected":false},"excerpt":{"rendered":"<p>&nbsp; Cont\u00e9m\u00a001 Unidade Modelo: 6Y092 ANVISA 10292010038 Composi\u00e7\u00e3o: Copol\u00edmero (TPE) com Cobertura T\u00eaxtil N\u00edvel de Amputa\u00e7\u00e3o: transtibial Conex\u00e3o Distal: n\u00e3o possui Revestimento em Tecido: possui Matriz: n\u00e3o possui Tecnologia Skinguard: n\u00e3o possui Espessuras Do Liner Tabela De Medidas Circunfer\u00eancia Distal do Coto 200mm 250mm 280mm 320mm 360mm &nbsp;<\/p>\n","protected":false},"featured_media":168,"comment_status":"closed","ping_status":"closed","template":"","meta":[],"class_list":{"0":"post-167","1":"product","2":"type-product","3":"status-publish","4":"has-post-thumbnail","6":"product_cat-liner","8":"first","9":"instock","10":"shipping-taxable","11":"product-type-simple"},"_links":{"self":[{"href":"https:\/\/www.ortopedicav2.com.br\/site\/wp-json\/wp\/v2\/product\/167"}],"collection":[{"href":"https:\/\/www.ortopedicav2.com.br\/site\/wp-json\/wp\/v2\/product"}],"about":[{"href":"https:\/\/www.ortopedicav2.com.br\/site\/wp-json\/wp\/v2\/types\/product"}],"replies":[{"embeddable":true,"href":"https:\/\/www.ortopedicav2.com.br\/site\/wp-json\/wp\/v2\/comments?post=167"}],"wp:featuredmedia":[{"embeddable":true,"href":"https:\/\/www.ortopedicav2.com.br\/site\/wp-json\/wp\/v2\/media\/168"}],"wp:attachment":[{"href":"https:\/\/www.ortopedicav2.com.br\/site\/wp-json\/wp\/v2\/media?parent=167"}],"curies":[{"name":"wp","href":"https:\/\/api.w.org\/{rel}","templated":true}]}}