{"id":178,"date":"2022-09-06T11:18:01","date_gmt":"2022-09-06T14:18:01","guid":{"rendered":"https:\/\/www.ortopedicav2.com.br\/site\/?post_type=product&#038;p=178"},"modified":"2024-11-12T19:48:30","modified_gmt":"2024-11-12T22:48:30","slug":"liner-ortho-pauher-slca400-siligel-transfemoral-e-transtibial-com-aneis-de-vedacao","status":"publish","type":"product","link":"https:\/\/www.ortopedicav2.com.br\/site\/produto\/liner-ortho-pauher-slca400-siligel-transfemoral-e-transtibial-com-aneis-de-vedacao\/","title":{"rendered":"Liner Ortho Pauher SLCA400 Siligel Transfemoral e Transtibial com An\u00e9is de Veda\u00e7\u00e3o"},"content":{"rendered":"<ul>\n<li>Cont\u00e9m\u00a0<strong>01 Unidade<\/strong><\/li>\n<li>ANVISA 80223340013<\/li>\n<li>Comprimento: 38cm aproximadamente<\/li>\n<li>Composi\u00e7\u00e3o: 100% Silicone<\/li>\n<\/ul>\n<p>&nbsp;<\/p>\n<table class=\"prodtable\" style=\"height: 436px;\" width=\"249\">\n<tbody>\n<tr>\n<th>\n<h3>Circunfer\u00eancia do Coto<\/h3>\n<\/th>\n<\/tr>\n<tr>\n<td style=\"text-align: center;\">240mm<\/td>\n<\/tr>\n<tr>\n<td style=\"text-align: center;\">260mm<\/td>\n<\/tr>\n<tr>\n<td style=\"text-align: center;\">280mm<\/td>\n<\/tr>\n<tr>\n<td style=\"text-align: center;\">310mm<\/td>\n<\/tr>\n<tr>\n<td style=\"text-align: center;\">340mm<\/td>\n<\/tr>\n<tr>\n<td style=\"text-align: center;\">360mm<\/td>\n<\/tr>\n<tr>\n<td style=\"text-align: center;\">380mm<\/td>\n<\/tr>\n<tr>\n<td style=\"text-align: center;\">400mm<\/td>\n<\/tr>\n<tr>\n<td style=\"text-align: center;\">440mm<\/td>\n<\/tr>\n<tr>\n<td style=\"text-align: center;\">470mm<\/td>\n<\/tr>\n<tr>\n<td style=\"text-align: center;\">500mm<\/td>\n<\/tr>\n<\/tbody>\n<\/table>\n","protected":false},"excerpt":{"rendered":"<p>Cont\u00e9m\u00a001 Unidade ANVISA 80223340013 Comprimento: 38cm aproximadamente Composi\u00e7\u00e3o: 100% Silicone &nbsp; Circunfer\u00eancia do Coto 240mm 260mm 280mm 310mm 340mm 360mm 380mm 400mm 440mm 470mm 500mm<\/p>\n","protected":false},"featured_media":179,"comment_status":"closed","ping_status":"closed","template":"","meta":[],"class_list":{"0":"post-178","1":"product","2":"type-product","3":"status-publish","4":"has-post-thumbnail","6":"product_cat-liner","8":"first","9":"instock","10":"shipping-taxable","11":"product-type-simple"},"_links":{"self":[{"href":"https:\/\/www.ortopedicav2.com.br\/site\/wp-json\/wp\/v2\/product\/178"}],"collection":[{"href":"https:\/\/www.ortopedicav2.com.br\/site\/wp-json\/wp\/v2\/product"}],"about":[{"href":"https:\/\/www.ortopedicav2.com.br\/site\/wp-json\/wp\/v2\/types\/product"}],"replies":[{"embeddable":true,"href":"https:\/\/www.ortopedicav2.com.br\/site\/wp-json\/wp\/v2\/comments?post=178"}],"wp:featuredmedia":[{"embeddable":true,"href":"https:\/\/www.ortopedicav2.com.br\/site\/wp-json\/wp\/v2\/media\/179"}],"wp:attachment":[{"href":"https:\/\/www.ortopedicav2.com.br\/site\/wp-json\/wp\/v2\/media?parent=178"}],"curies":[{"name":"wp","href":"https:\/\/api.w.org\/{rel}","templated":true}]}}