{"id":185,"date":"2022-09-06T11:22:40","date_gmt":"2022-09-06T14:22:40","guid":{"rendered":"https:\/\/www.ortopedicav2.com.br\/site\/?post_type=product&#038;p=185"},"modified":"2024-11-12T19:48:30","modified_gmt":"2024-11-12T22:48:30","slug":"liner-ottobock-6y522-uneo-skinguard-transtibial-sem-conexao","status":"publish","type":"product","link":"https:\/\/www.ortopedicav2.com.br\/site\/produto\/liner-ottobock-6y522-uneo-skinguard-transtibial-sem-conexao\/","title":{"rendered":"Liner Ottobock 6Y522 Uneo Skinguard Transtibial sem Conex\u00e3o"},"content":{"rendered":"<ul>\n<li>Cont\u00e9m\u00a0<strong>01 Unidade<\/strong><\/li>\n<li>Modelo: 6Y522<\/li>\n<li>ANVISA 10292010068<\/li>\n<li>Composi\u00e7\u00e3o: Poliuretano<\/li>\n<li>N\u00edvel de Amputa\u00e7\u00e3o: transtibial<\/li>\n<li>Conex\u00e3o Distal: n\u00e3o possui<\/li>\n<li>Revestimento em Tecido: n\u00e3o possui<\/li>\n<li>Matriz: n\u00e3o possui<\/li>\n<li>Tecnologia Skinguard: possui<\/li>\n<\/ul>\n<h3 id=\"carac\" class=\"produto-caracteristica\">Espessuras Do Liner<\/h3>\n<div><img decoding=\"async\" src=\"https:\/\/recursos.fisiostore.com.br\/MediaCenter\/espessuras-liners-otto-6y510-6y522-6y523.jpg\" border=\"0\"  loading=\"lazy\" \/><\/div>\n<h2 id=\"tabela\" class=\"produto-tabela\"><\/h2>\n<table class=\"prodtable\" style=\"height: 279px;\" width=\"319\">\n<tbody>\n<tr>\n<th style=\"text-align: left;\">\n<h3>Circunfer\u00eancia Distal do Coto<\/h3>\n<\/th>\n<\/tr>\n<tr>\n<td style=\"text-align: center;\">190mm<\/td>\n<\/tr>\n<tr>\n<td style=\"text-align: center;\">210mm<\/td>\n<\/tr>\n<tr>\n<td style=\"text-align: center;\">230mm<\/td>\n<\/tr>\n<tr>\n<td style=\"text-align: center;\">250mm<\/td>\n<\/tr>\n<tr>\n<td style=\"text-align: center;\">290mm<\/td>\n<\/tr>\n<tr>\n<td style=\"text-align: center;\">310mm<\/td>\n<\/tr>\n<\/tbody>\n<\/table>\n","protected":false},"excerpt":{"rendered":"<p>Cont\u00e9m\u00a001 Unidade Modelo: 6Y522 ANVISA 10292010068 Composi\u00e7\u00e3o: Poliuretano N\u00edvel de Amputa\u00e7\u00e3o: transtibial Conex\u00e3o Distal: n\u00e3o possui Revestimento em Tecido: n\u00e3o possui Matriz: n\u00e3o possui Tecnologia Skinguard: possui Espessuras Do Liner Circunfer\u00eancia Distal do Coto 190mm 210mm 230mm 250mm 290mm 310mm<\/p>\n","protected":false},"featured_media":186,"comment_status":"closed","ping_status":"closed","template":"","meta":[],"class_list":{"0":"post-185","1":"product","2":"type-product","3":"status-publish","4":"has-post-thumbnail","6":"product_cat-liner","8":"first","9":"instock","10":"shipping-taxable","11":"product-type-simple"},"_links":{"self":[{"href":"https:\/\/www.ortopedicav2.com.br\/site\/wp-json\/wp\/v2\/product\/185"}],"collection":[{"href":"https:\/\/www.ortopedicav2.com.br\/site\/wp-json\/wp\/v2\/product"}],"about":[{"href":"https:\/\/www.ortopedicav2.com.br\/site\/wp-json\/wp\/v2\/types\/product"}],"replies":[{"embeddable":true,"href":"https:\/\/www.ortopedicav2.com.br\/site\/wp-json\/wp\/v2\/comments?post=185"}],"wp:featuredmedia":[{"embeddable":true,"href":"https:\/\/www.ortopedicav2.com.br\/site\/wp-json\/wp\/v2\/media\/186"}],"wp:attachment":[{"href":"https:\/\/www.ortopedicav2.com.br\/site\/wp-json\/wp\/v2\/media?parent=185"}],"curies":[{"name":"wp","href":"https:\/\/api.w.org\/{rel}","templated":true}]}}