{"id":200,"date":"2022-09-06T13:58:14","date_gmt":"2022-09-06T16:58:14","guid":{"rendered":"https:\/\/www.ortopedicav2.com.br\/site\/?post_type=product&#038;p=200"},"modified":"2024-11-12T19:48:29","modified_gmt":"2024-11-12T22:48:29","slug":"liner-ottobock-6y85-skeo-transfemoral-com-conexao-com-tecido","status":"publish","type":"product","link":"https:\/\/www.ortopedicav2.com.br\/site\/produto\/liner-ottobock-6y85-skeo-transfemoral-com-conexao-com-tecido\/","title":{"rendered":"Liner Ottobock 6Y85 Skeo Transfemoral com Conex\u00e3o com Tecido"},"content":{"rendered":"<ul>\n<li>Cont\u00e9m\u00a0<strong>01 Unidade<\/strong><\/li>\n<li>Modelo: 6Y85<\/li>\n<li>ANVISA 10292010068<\/li>\n<li>Composi\u00e7\u00e3o: Silicone com Cobertura T\u00eaxtil<\/li>\n<li>N\u00edvel de Amputa\u00e7\u00e3o: transfemoral<\/li>\n<li>Conex\u00e3o Distal: possui<\/li>\n<li>Revestimento em Tecido: possui<\/li>\n<li>Matriz: possui<\/li>\n<li>Tecnologia Skinguard: possui<\/li>\n<\/ul>\n<h3 id=\"carac\" class=\"produto-caracteristica\">Espessuras Do Liner<\/h3>\n<div><img decoding=\"async\" src=\"https:\/\/recursos.fisiostore.com.br\/MediaCenter\/espessuras-liners-otto-6y75-6y85.jpg\" border=\"0\"  loading=\"lazy\" \/><\/div>\n<h2 id=\"tabela\" class=\"produto-tabela\"><\/h2>\n<table class=\"prodtable\" style=\"height: 430px;\" width=\"312\">\n<tbody>\n<tr>\n<th>\n<h3>Circunfer\u00eancia Distal do Coto<\/h3>\n<\/th>\n<\/tr>\n<tr>\n<td style=\"text-align: center;\">280mm<\/td>\n<\/tr>\n<tr>\n<td style=\"text-align: center;\">300mm<\/td>\n<\/tr>\n<tr>\n<td style=\"text-align: center;\">320mm<\/td>\n<\/tr>\n<tr>\n<td style=\"text-align: center;\">340mm<\/td>\n<\/tr>\n<tr>\n<td style=\"text-align: center;\">360mm<\/td>\n<\/tr>\n<tr>\n<td style=\"text-align: center;\">380mm<\/td>\n<\/tr>\n<tr>\n<td style=\"text-align: center;\">400mm<\/td>\n<\/tr>\n<tr>\n<td style=\"text-align: center;\">420mm<\/td>\n<\/tr>\n<tr>\n<td style=\"text-align: center;\">450mm<\/td>\n<\/tr>\n<tr>\n<td style=\"text-align: center;\">500mm<\/td>\n<\/tr>\n<tr>\n<td style=\"text-align: center;\">550mm<\/td>\n<\/tr>\n<\/tbody>\n<\/table>\n","protected":false},"excerpt":{"rendered":"<p>Cont\u00e9m\u00a001 Unidade Modelo: 6Y85 ANVISA 10292010068 Composi\u00e7\u00e3o: Silicone com Cobertura T\u00eaxtil N\u00edvel de Amputa\u00e7\u00e3o: transfemoral Conex\u00e3o Distal: possui Revestimento em Tecido: possui Matriz: possui Tecnologia Skinguard: possui Espessuras Do Liner Circunfer\u00eancia Distal do Coto 280mm 300mm 320mm 340mm 360mm 380mm 400mm 420mm 450mm 500mm 550mm<\/p>\n","protected":false},"featured_media":201,"comment_status":"closed","ping_status":"closed","template":"","meta":[],"class_list":{"0":"post-200","1":"product","2":"type-product","3":"status-publish","4":"has-post-thumbnail","6":"product_cat-liner","8":"first","9":"instock","10":"shipping-taxable","11":"product-type-simple"},"_links":{"self":[{"href":"https:\/\/www.ortopedicav2.com.br\/site\/wp-json\/wp\/v2\/product\/200"}],"collection":[{"href":"https:\/\/www.ortopedicav2.com.br\/site\/wp-json\/wp\/v2\/product"}],"about":[{"href":"https:\/\/www.ortopedicav2.com.br\/site\/wp-json\/wp\/v2\/types\/product"}],"replies":[{"embeddable":true,"href":"https:\/\/www.ortopedicav2.com.br\/site\/wp-json\/wp\/v2\/comments?post=200"}],"wp:featuredmedia":[{"embeddable":true,"href":"https:\/\/www.ortopedicav2.com.br\/site\/wp-json\/wp\/v2\/media\/201"}],"wp:attachment":[{"href":"https:\/\/www.ortopedicav2.com.br\/site\/wp-json\/wp\/v2\/media?parent=200"}],"curies":[{"name":"wp","href":"https:\/\/api.w.org\/{rel}","templated":true}]}}