{"id":213,"date":"2022-09-06T14:20:44","date_gmt":"2022-09-06T17:20:44","guid":{"rendered":"https:\/\/www.ortopedicav2.com.br\/site\/?post_type=product&#038;p=213"},"modified":"2024-11-12T19:48:29","modified_gmt":"2024-11-12T22:48:29","slug":"liner-ottobock-6y42-skeo-transtibial-com-conexao-com-tecido","status":"publish","type":"product","link":"https:\/\/www.ortopedicav2.com.br\/site\/produto\/liner-ottobock-6y42-skeo-transtibial-com-conexao-com-tecido\/","title":{"rendered":"Liner Ottobock 6Y42 Skeo Transtibial com Conex\u00e3o com Tecido"},"content":{"rendered":"<ul>\n<li>Cont\u00e9m\u00a0<strong>01 Unidade<\/strong><\/li>\n<li>Modelo: 6Y42<\/li>\n<li>ANVISA 10292010068<\/li>\n<li>Composi\u00e7\u00e3o: Silicone com Cobertura T\u00eaxtil<\/li>\n<li>N\u00edvel de Amputa\u00e7\u00e3o: transtibial<\/li>\n<li>Conex\u00e3o Distal: possui<\/li>\n<li>Revestimento em Tecido: possui<\/li>\n<li>Matriz: possui<\/li>\n<li>Tecnologia Skinguard: n\u00e3o possui<\/li>\n<\/ul>\n<h3 id=\"carac\" class=\"produto-caracteristica\">Espessuras Do Liner<\/h3>\n<div><img decoding=\"async\" src=\"https:\/\/recursos.fisiostore.com.br\/MediaCenter\/espessuras-liners-otto-6y41-6y42-6y43.jpg\" border=\"0\"  loading=\"lazy\" \/><\/div>\n<h2 id=\"tabela\" class=\"produto-tabela\"><\/h2>\n<table class=\"prodtable\" style=\"height: 515px;\" width=\"337\">\n<tbody>\n<tr>\n<th style=\"text-align: left;\">\n<h3>Circunfer\u00eancia Distal do Coto<\/h3>\n<\/th>\n<\/tr>\n<tr>\n<td style=\"text-align: center;\">180mm<\/td>\n<\/tr>\n<tr>\n<td style=\"text-align: center;\">200mm<\/td>\n<\/tr>\n<tr>\n<td style=\"text-align: center;\">210mm<\/td>\n<\/tr>\n<tr>\n<td style=\"text-align: center;\">220mm<\/td>\n<\/tr>\n<tr>\n<td style=\"text-align: center;\">235mm<\/td>\n<\/tr>\n<tr>\n<td style=\"text-align: center;\">250mm<\/td>\n<\/tr>\n<tr>\n<td style=\"text-align: center;\">265mm<\/td>\n<\/tr>\n<tr>\n<td style=\"text-align: center;\">280mm<\/td>\n<\/tr>\n<tr>\n<td style=\"text-align: center;\">300mm<\/td>\n<\/tr>\n<tr>\n<td style=\"text-align: center;\">320mm<\/td>\n<\/tr>\n<tr>\n<td style=\"text-align: center;\">340mm<\/td>\n<\/tr>\n<tr>\n<td style=\"text-align: center;\">360mm<\/td>\n<\/tr>\n<tr>\n<td style=\"text-align: center;\">380mm<\/td>\n<\/tr>\n<tr>\n<td style=\"text-align: center;\">400mm<\/td>\n<\/tr>\n<tr>\n<td style=\"text-align: center;\">420mm<\/td>\n<\/tr>\n<tr>\n<td style=\"text-align: center;\">450mm<\/td>\n<\/tr>\n<\/tbody>\n<\/table>\n","protected":false},"excerpt":{"rendered":"<p>Cont\u00e9m\u00a001 Unidade Modelo: 6Y42 ANVISA 10292010068 Composi\u00e7\u00e3o: Silicone com Cobertura T\u00eaxtil N\u00edvel de Amputa\u00e7\u00e3o: transtibial Conex\u00e3o Distal: possui Revestimento em Tecido: possui Matriz: possui Tecnologia Skinguard: n\u00e3o possui Espessuras Do Liner Circunfer\u00eancia Distal do Coto 180mm 200mm 210mm 220mm 235mm 250mm 265mm 280mm 300mm 320mm 340mm 360mm 380mm 400mm 420mm 450mm<\/p>\n","protected":false},"featured_media":214,"comment_status":"closed","ping_status":"closed","template":"","meta":[],"class_list":{"0":"post-213","1":"product","2":"type-product","3":"status-publish","4":"has-post-thumbnail","6":"product_cat-liner","8":"first","9":"instock","10":"shipping-taxable","11":"product-type-simple"},"_links":{"self":[{"href":"https:\/\/www.ortopedicav2.com.br\/site\/wp-json\/wp\/v2\/product\/213"}],"collection":[{"href":"https:\/\/www.ortopedicav2.com.br\/site\/wp-json\/wp\/v2\/product"}],"about":[{"href":"https:\/\/www.ortopedicav2.com.br\/site\/wp-json\/wp\/v2\/types\/product"}],"replies":[{"embeddable":true,"href":"https:\/\/www.ortopedicav2.com.br\/site\/wp-json\/wp\/v2\/comments?post=213"}],"wp:featuredmedia":[{"embeddable":true,"href":"https:\/\/www.ortopedicav2.com.br\/site\/wp-json\/wp\/v2\/media\/214"}],"wp:attachment":[{"href":"https:\/\/www.ortopedicav2.com.br\/site\/wp-json\/wp\/v2\/media?parent=213"}],"curies":[{"name":"wp","href":"https:\/\/api.w.org\/{rel}","templated":true}]}}