{"id":218,"date":"2022-09-13T08:57:42","date_gmt":"2022-09-13T11:57:42","guid":{"rendered":"https:\/\/www.ortopedicav2.com.br\/site\/?post_type=product&#038;p=218"},"modified":"2024-11-12T19:48:29","modified_gmt":"2024-11-12T22:48:29","slug":"iceross-seal-in-x-locking","status":"publish","type":"product","link":"https:\/\/www.ortopedicav2.com.br\/site\/produto\/iceross-seal-in-x-locking\/","title":{"rendered":"Iceross Seal-In\u00ae X Locking"},"content":{"rendered":"<p>Iceross Seal-In X Locking \u00e9 um liner de silicone para amputados transtibiais de todos os n\u00edveis de atividade, proporcionando fun\u00e7\u00e3o superior com a combina\u00e7\u00e3o dos benef\u00edcios da suspens\u00e3o de trava com os benef\u00edcios do Seal-In. O liner est\u00e1 dispon\u00edvel em perfis de 3 mm e 6 mm. Deve ser usado com o Icelock 562 Hybrid.<\/p>\n","protected":false},"excerpt":{"rendered":"<p>Iceross Seal-In X Locking \u00e9 um liner de silicone para amputados transtibiais de todos os n\u00edveis de atividade, proporcionando fun\u00e7\u00e3o superior com a combina\u00e7\u00e3o dos benef\u00edcios da suspens\u00e3o de trava com os benef\u00edcios do Seal-In. O liner est\u00e1 dispon\u00edvel em perfis de 3 mm e 6 mm. Deve ser usado com o Icelock 562 Hybrid.<\/p>\n","protected":false},"featured_media":219,"comment_status":"closed","ping_status":"closed","template":"","meta":[],"class_list":{"0":"post-218","1":"product","2":"type-product","3":"status-publish","4":"has-post-thumbnail","6":"product_cat-liner","8":"first","9":"instock","10":"shipping-taxable","11":"product-type-simple"},"_links":{"self":[{"href":"https:\/\/www.ortopedicav2.com.br\/site\/wp-json\/wp\/v2\/product\/218"}],"collection":[{"href":"https:\/\/www.ortopedicav2.com.br\/site\/wp-json\/wp\/v2\/product"}],"about":[{"href":"https:\/\/www.ortopedicav2.com.br\/site\/wp-json\/wp\/v2\/types\/product"}],"replies":[{"embeddable":true,"href":"https:\/\/www.ortopedicav2.com.br\/site\/wp-json\/wp\/v2\/comments?post=218"}],"wp:featuredmedia":[{"embeddable":true,"href":"https:\/\/www.ortopedicav2.com.br\/site\/wp-json\/wp\/v2\/media\/219"}],"wp:attachment":[{"href":"https:\/\/www.ortopedicav2.com.br\/site\/wp-json\/wp\/v2\/media?parent=218"}],"curies":[{"name":"wp","href":"https:\/\/api.w.org\/{rel}","templated":true}]}}