{"id":220,"date":"2022-09-13T09:10:24","date_gmt":"2022-09-13T12:10:24","guid":{"rendered":"https:\/\/www.ortopedicav2.com.br\/site\/?post_type=product&#038;p=220"},"modified":"2024-11-12T19:48:29","modified_gmt":"2024-11-12T22:48:29","slug":"iceross-dermo-junior-locking","status":"publish","type":"product","link":"https:\/\/www.ortopedicav2.com.br\/site\/produto\/iceross-dermo-junior-locking\/","title":{"rendered":"Iceross Dermo\u00ae Junior Locking"},"content":{"rendered":"<p>O forro Iceross Dermo Junior Locking oferece conforto e prote\u00e7\u00e3o contra impactos a crian\u00e7as com pele sens\u00edvel que participam de atividades di\u00e1rias de m\u00e9dio impacto.<\/p>\n","protected":false},"excerpt":{"rendered":"<p>O forro Iceross Dermo Junior Locking oferece conforto e prote\u00e7\u00e3o contra impactos a crian\u00e7as com pele sens\u00edvel que participam de atividades di\u00e1rias de m\u00e9dio impacto.<\/p>\n","protected":false},"featured_media":221,"comment_status":"closed","ping_status":"closed","template":"","meta":[],"class_list":{"0":"post-220","1":"product","2":"type-product","3":"status-publish","4":"has-post-thumbnail","6":"product_cat-liner","8":"first","9":"instock","10":"shipping-taxable","11":"product-type-simple"},"_links":{"self":[{"href":"https:\/\/www.ortopedicav2.com.br\/site\/wp-json\/wp\/v2\/product\/220"}],"collection":[{"href":"https:\/\/www.ortopedicav2.com.br\/site\/wp-json\/wp\/v2\/product"}],"about":[{"href":"https:\/\/www.ortopedicav2.com.br\/site\/wp-json\/wp\/v2\/types\/product"}],"replies":[{"embeddable":true,"href":"https:\/\/www.ortopedicav2.com.br\/site\/wp-json\/wp\/v2\/comments?post=220"}],"wp:featuredmedia":[{"embeddable":true,"href":"https:\/\/www.ortopedicav2.com.br\/site\/wp-json\/wp\/v2\/media\/221"}],"wp:attachment":[{"href":"https:\/\/www.ortopedicav2.com.br\/site\/wp-json\/wp\/v2\/media?parent=220"}],"curies":[{"name":"wp","href":"https:\/\/api.w.org\/{rel}","templated":true}]}}