{"id":224,"date":"2022-09-13T09:19:22","date_gmt":"2022-09-13T12:19:22","guid":{"rendered":"https:\/\/www.ortopedicav2.com.br\/site\/?post_type=product&#038;p=224"},"modified":"2024-11-12T19:48:29","modified_gmt":"2024-11-12T22:48:29","slug":"iceross-seal-in-x-tf","status":"publish","type":"product","link":"https:\/\/www.ortopedicav2.com.br\/site\/produto\/iceross-seal-in-x-tf\/","title":{"rendered":"Iceross Seal-In\u00ae X TF"},"content":{"rendered":"<p>O Iceross Seal-In<sup>\u00ae<\/sup>\u00a0X TF Iceross traz a tecnologia Seal-In avan\u00e7ada para os usu\u00e1rios, apresentando uma membrana hipob\u00e1rica m\u00f3vel para ajuste personalizado de formas exclusivas de membros e oscila\u00e7\u00f5es de volume. F\u00e1cil de inverter e vestir, mesmo para usu\u00e1rios menos ativos com problemas de destreza manual.<\/p>\n","protected":false},"excerpt":{"rendered":"<p>O Iceross Seal-In\u00ae\u00a0X TF Iceross traz a tecnologia Seal-In avan\u00e7ada para os usu\u00e1rios, apresentando uma membrana hipob\u00e1rica m\u00f3vel para ajuste personalizado de formas exclusivas de membros e oscila\u00e7\u00f5es de volume. F\u00e1cil de inverter e vestir, mesmo para usu\u00e1rios menos ativos com problemas de destreza manual.<\/p>\n","protected":false},"featured_media":225,"comment_status":"closed","ping_status":"closed","template":"","meta":[],"class_list":{"0":"post-224","1":"product","2":"type-product","3":"status-publish","4":"has-post-thumbnail","6":"product_cat-liner","8":"first","9":"instock","10":"shipping-taxable","11":"product-type-simple"},"_links":{"self":[{"href":"https:\/\/www.ortopedicav2.com.br\/site\/wp-json\/wp\/v2\/product\/224"}],"collection":[{"href":"https:\/\/www.ortopedicav2.com.br\/site\/wp-json\/wp\/v2\/product"}],"about":[{"href":"https:\/\/www.ortopedicav2.com.br\/site\/wp-json\/wp\/v2\/types\/product"}],"replies":[{"embeddable":true,"href":"https:\/\/www.ortopedicav2.com.br\/site\/wp-json\/wp\/v2\/comments?post=224"}],"wp:featuredmedia":[{"embeddable":true,"href":"https:\/\/www.ortopedicav2.com.br\/site\/wp-json\/wp\/v2\/media\/225"}],"wp:attachment":[{"href":"https:\/\/www.ortopedicav2.com.br\/site\/wp-json\/wp\/v2\/media?parent=224"}],"curies":[{"name":"wp","href":"https:\/\/api.w.org\/{rel}","templated":true}]}}