{"id":230,"date":"2022-09-13T09:26:59","date_gmt":"2022-09-13T12:26:59","guid":{"rendered":"https:\/\/www.ortopedicav2.com.br\/site\/?post_type=product&#038;p=230"},"modified":"2024-11-12T19:48:29","modified_gmt":"2024-11-12T22:48:29","slug":"iceform-cushion-liner","status":"publish","type":"product","link":"https:\/\/www.ortopedicav2.com.br\/site\/produto\/iceform-cushion-liner\/","title":{"rendered":"Iceform\u00ae Cushion Liner"},"content":{"rendered":"<p>O Iceform Cushion Liner \u00e9 feito com material de elast\u00f4mero termopl\u00e1stico (TPE). \u00c9 termoform\u00e1vel, adaptando-se \u00e0s formas individuais do membro residual, proporcionando conforto para uso com impacto baixo a moderado.<\/p>\n","protected":false},"excerpt":{"rendered":"<p>O Iceform Cushion Liner \u00e9 feito com material de elast\u00f4mero termopl\u00e1stico (TPE). \u00c9 termoform\u00e1vel, adaptando-se \u00e0s formas individuais do membro residual, proporcionando conforto para uso com impacto baixo a moderado.<\/p>\n","protected":false},"featured_media":231,"comment_status":"closed","ping_status":"closed","template":"","meta":[],"class_list":{"0":"post-230","1":"product","2":"type-product","3":"status-publish","4":"has-post-thumbnail","6":"product_cat-liner","8":"first","9":"instock","10":"shipping-taxable","11":"product-type-simple"},"_links":{"self":[{"href":"https:\/\/www.ortopedicav2.com.br\/site\/wp-json\/wp\/v2\/product\/230"}],"collection":[{"href":"https:\/\/www.ortopedicav2.com.br\/site\/wp-json\/wp\/v2\/product"}],"about":[{"href":"https:\/\/www.ortopedicav2.com.br\/site\/wp-json\/wp\/v2\/types\/product"}],"replies":[{"embeddable":true,"href":"https:\/\/www.ortopedicav2.com.br\/site\/wp-json\/wp\/v2\/comments?post=230"}],"wp:featuredmedia":[{"embeddable":true,"href":"https:\/\/www.ortopedicav2.com.br\/site\/wp-json\/wp\/v2\/media\/231"}],"wp:attachment":[{"href":"https:\/\/www.ortopedicav2.com.br\/site\/wp-json\/wp\/v2\/media?parent=230"}],"curies":[{"name":"wp","href":"https:\/\/api.w.org\/{rel}","templated":true}]}}