{"id":232,"date":"2022-09-13T09:35:33","date_gmt":"2022-09-13T12:35:33","guid":{"rendered":"https:\/\/www.ortopedicav2.com.br\/site\/?post_type=product&#038;p=232"},"modified":"2024-11-12T19:48:29","modified_gmt":"2024-11-12T22:48:29","slug":"colete-boston","status":"publish","type":"product","link":"https:\/\/www.ortopedicav2.com.br\/site\/produto\/colete-boston\/","title":{"rendered":"Colete Boston"},"content":{"rendered":"<p>&nbsp;<\/p>\n<p>Para tratamento da escoliose lombar extensa a tor\u00e1cica (curvatura em C) o colete Boston estabiliza a curva e evita sua evolu\u00e7\u00e3o. Com grande abertura lateral contraria a curva, permite que coxim pressione a curva da escoliose. Suas correias de tra\u00e7\u00e3o, otimiza a for\u00e7a de a\u00e7\u00e3o e conduz a curva para um alinhamento aceit\u00e1vel.<\/p>\n<h3>Mecanismos de a\u00e7\u00e3o:<\/h3>\n<ul>\n<li>Reduz a gravidade.<\/li>\n<li>Melhorar a postura ativamente.<\/li>\n<li>Exercer uma press\u00e3o p\u00f3stero-lateral constante com a\u00e7\u00e3o de derrota\u00e7\u00e3o.<\/li>\n<\/ul>\n<h3>Material<\/h3>\n<p>Confeccionada sob medida em:<\/p>\n<ul>\n<li>Termopl\u00e1stico Slim Flex\u00edvel;<\/li>\n<li>Com abertura posterior e correias de fixa\u00e7\u00e3o;<\/li>\n<li>Sendo leve e est\u00e1vel, podendo se personalizada com desenhos para melhor aceita\u00e7\u00e3o das crian\u00e7as ou adolescentes.<\/li>\n<\/ul>\n<p>Ser\u00e1 feita avalia\u00e7\u00e3o t\u00e9cnica, conforme prescri\u00e7\u00e3o medica.<\/p>\n<p>Fabrica\u00e7\u00e3o pr\u00f3pria.<\/p>\n<p>&nbsp;<\/p>\n","protected":false},"excerpt":{"rendered":"<p>&nbsp; Para tratamento da escoliose lombar extensa a tor\u00e1cica (curvatura em C) o colete Boston estabiliza a curva e evita sua evolu\u00e7\u00e3o. Com grande abertura lateral contraria a curva, permite que coxim pressione a curva da escoliose. Suas correias de tra\u00e7\u00e3o, otimiza a for\u00e7a de a\u00e7\u00e3o e conduz a curva para um alinhamento aceit\u00e1vel. Mecanismos [&hellip;]<\/p>\n","protected":false},"featured_media":233,"comment_status":"closed","ping_status":"closed","template":"","meta":[],"class_list":{"0":"post-232","1":"product","2":"type-product","3":"status-publish","4":"has-post-thumbnail","6":"product_cat-coletes-ortopedicos","8":"first","9":"instock","10":"shipping-taxable","11":"product-type-simple"},"_links":{"self":[{"href":"https:\/\/www.ortopedicav2.com.br\/site\/wp-json\/wp\/v2\/product\/232"}],"collection":[{"href":"https:\/\/www.ortopedicav2.com.br\/site\/wp-json\/wp\/v2\/product"}],"about":[{"href":"https:\/\/www.ortopedicav2.com.br\/site\/wp-json\/wp\/v2\/types\/product"}],"replies":[{"embeddable":true,"href":"https:\/\/www.ortopedicav2.com.br\/site\/wp-json\/wp\/v2\/comments?post=232"}],"wp:featuredmedia":[{"embeddable":true,"href":"https:\/\/www.ortopedicav2.com.br\/site\/wp-json\/wp\/v2\/media\/233"}],"wp:attachment":[{"href":"https:\/\/www.ortopedicav2.com.br\/site\/wp-json\/wp\/v2\/media?parent=232"}],"curies":[{"name":"wp","href":"https:\/\/api.w.org\/{rel}","templated":true}]}}