{"id":242,"date":"2022-09-13T10:22:43","date_gmt":"2022-09-13T13:22:43","guid":{"rendered":"https:\/\/www.ortopedicav2.com.br\/site\/?post_type=product&#038;p=242"},"modified":"2024-11-12T19:48:29","modified_gmt":"2024-11-12T22:48:29","slug":"hkafo","status":"publish","type":"product","link":"https:\/\/www.ortopedicav2.com.br\/site\/produto\/hkafo\/","title":{"rendered":"Hkafo"},"content":{"rendered":"<p>\u00d3rtese que envolve todo o membro inferior e a regi\u00e3o p\u00e9lvica. Tem como fun\u00e7\u00e3o promover a estabilidade articular do quadril, joelho, tonozelo-p\u00e9, melhorar o esquema e imagem corporal, controlara motricidade, aprimorar a independ\u00eancia da marcha e equil\u00edbrio do t\u00f4nus muscular, posicionar o quadril joelho tornozelo em 90 graus facilitar AVD\u2019s, bem como prevenir futuras deformidades e complica\u00e7\u00f5es como a perna da massa tissular. Estimular o ortostatismo e a marcha.<\/p>\n","protected":false},"excerpt":{"rendered":"<p>\u00d3rtese que envolve todo o membro inferior e a regi\u00e3o p\u00e9lvica. Tem como fun\u00e7\u00e3o promover a estabilidade articular do quadril, joelho, tonozelo-p\u00e9, melhorar o esquema e imagem corporal, controlara motricidade, aprimorar a independ\u00eancia da marcha e equil\u00edbrio do t\u00f4nus muscular, posicionar o quadril joelho tornozelo em 90 graus facilitar AVD\u2019s, bem como prevenir futuras deformidades [&hellip;]<\/p>\n","protected":false},"featured_media":246,"comment_status":"closed","ping_status":"closed","template":"","meta":[],"class_list":{"0":"post-242","1":"product","2":"type-product","3":"status-publish","4":"has-post-thumbnail","6":"product_cat-orteses","8":"first","9":"instock","10":"shipping-taxable","11":"product-type-simple"},"_links":{"self":[{"href":"https:\/\/www.ortopedicav2.com.br\/site\/wp-json\/wp\/v2\/product\/242"}],"collection":[{"href":"https:\/\/www.ortopedicav2.com.br\/site\/wp-json\/wp\/v2\/product"}],"about":[{"href":"https:\/\/www.ortopedicav2.com.br\/site\/wp-json\/wp\/v2\/types\/product"}],"replies":[{"embeddable":true,"href":"https:\/\/www.ortopedicav2.com.br\/site\/wp-json\/wp\/v2\/comments?post=242"}],"wp:featuredmedia":[{"embeddable":true,"href":"https:\/\/www.ortopedicav2.com.br\/site\/wp-json\/wp\/v2\/media\/246"}],"wp:attachment":[{"href":"https:\/\/www.ortopedicav2.com.br\/site\/wp-json\/wp\/v2\/media?parent=242"}],"curies":[{"name":"wp","href":"https:\/\/api.w.org\/{rel}","templated":true}]}}