{"id":244,"date":"2022-09-13T10:27:29","date_gmt":"2022-09-13T13:27:29","guid":{"rendered":"https:\/\/www.ortopedicav2.com.br\/site\/?post_type=product&#038;p=244"},"modified":"2024-11-12T19:48:29","modified_gmt":"2024-11-12T22:48:29","slug":"mola-de-codeville","status":"publish","type":"product","link":"https:\/\/www.ortopedicav2.com.br\/site\/produto\/mola-de-codeville\/","title":{"rendered":"Mola de Codeville"},"content":{"rendered":"<p>A \u00d3rtese Suropod\u00e1lica Din\u00e2mica (que tamb\u00e9m conhecida como\u00a0<b>Mola de Codevilla<\/b>\u00a0(ou\u00a0<b>codeville<\/b>) ou para p\u00e9 ca\u00eddo) ajuda na reabilita\u00e7\u00e3o e uma marcha mais natural. A sua sola longa garante a orienta\u00e7\u00e3o exata do p\u00e9 e boa distribui\u00e7\u00e3o de press\u00e3o. No v\u00eddeo vemos a melhoria na marcha com o uso da \u00f3rtese.<\/p>\n","protected":false},"excerpt":{"rendered":"<p>A \u00d3rtese Suropod\u00e1lica Din\u00e2mica (que tamb\u00e9m conhecida como\u00a0Mola de Codevilla\u00a0(ou\u00a0codeville) ou para p\u00e9 ca\u00eddo) ajuda na reabilita\u00e7\u00e3o e uma marcha mais natural. A sua sola longa garante a orienta\u00e7\u00e3o exata do p\u00e9 e boa distribui\u00e7\u00e3o de press\u00e3o. No v\u00eddeo vemos a melhoria na marcha com o uso da \u00f3rtese.<\/p>\n","protected":false},"featured_media":247,"comment_status":"closed","ping_status":"closed","template":"","meta":[],"class_list":{"0":"post-244","1":"product","2":"type-product","3":"status-publish","4":"has-post-thumbnail","6":"product_cat-orteses","8":"first","9":"instock","10":"shipping-taxable","11":"product-type-simple"},"_links":{"self":[{"href":"https:\/\/www.ortopedicav2.com.br\/site\/wp-json\/wp\/v2\/product\/244"}],"collection":[{"href":"https:\/\/www.ortopedicav2.com.br\/site\/wp-json\/wp\/v2\/product"}],"about":[{"href":"https:\/\/www.ortopedicav2.com.br\/site\/wp-json\/wp\/v2\/types\/product"}],"replies":[{"embeddable":true,"href":"https:\/\/www.ortopedicav2.com.br\/site\/wp-json\/wp\/v2\/comments?post=244"}],"wp:featuredmedia":[{"embeddable":true,"href":"https:\/\/www.ortopedicav2.com.br\/site\/wp-json\/wp\/v2\/media\/247"}],"wp:attachment":[{"href":"https:\/\/www.ortopedicav2.com.br\/site\/wp-json\/wp\/v2\/media?parent=244"}],"curies":[{"name":"wp","href":"https:\/\/api.w.org\/{rel}","templated":true}]}}