{"id":248,"date":"2022-09-13T10:38:26","date_gmt":"2022-09-13T13:38:26","guid":{"rendered":"https:\/\/www.ortopedicav2.com.br\/site\/?post_type=product&#038;p=248"},"modified":"2024-11-12T19:48:29","modified_gmt":"2024-11-12T22:48:29","slug":"imobilizador-de-joelho","status":"publish","type":"product","link":"https:\/\/www.ortopedicav2.com.br\/site\/produto\/imobilizador-de-joelho\/","title":{"rendered":"Imobilizador de Joelho"},"content":{"rendered":"<p>O IMOBILIZADOR DE JOELHO LARGO (POSI\u00c7\u00c3O FUNCIONAL) &#8211; auxilia no tratamento de doen\u00e7as que acometam o joelho promovendo imobiliza\u00e7\u00e3o do mesmo.<\/p>\n<p>CARACTER\u00cdSTICAS:<\/p>\n<p>&#8211; Confeccionado em tecido atoalhado e resistente, possui barbatanas posteriores em duralum\u00ednio e barbatanas laterais em pl\u00e1stico r\u00edgido para proporcionar a imobiliza\u00e7\u00e3o adequada e anat\u00f4mica da regi\u00e3o;<\/p>\n<p>&#8211; Possui cinta el\u00e1stica sobre o joelho e fecho em velcro para promover ajuste de acordo com a necessidade;<\/p>\n<p>&#8211; Produto lav\u00e1vel.<\/p>\n","protected":false},"excerpt":{"rendered":"<p>O IMOBILIZADOR DE JOELHO LARGO (POSI\u00c7\u00c3O FUNCIONAL) &#8211; auxilia no tratamento de doen\u00e7as que acometam o joelho promovendo imobiliza\u00e7\u00e3o do mesmo. CARACTER\u00cdSTICAS: &#8211; Confeccionado em tecido atoalhado e resistente, possui barbatanas posteriores em duralum\u00ednio e barbatanas laterais em pl\u00e1stico r\u00edgido para proporcionar a imobiliza\u00e7\u00e3o adequada e anat\u00f4mica da regi\u00e3o; &#8211; Possui cinta el\u00e1stica sobre o [&hellip;]<\/p>\n","protected":false},"featured_media":249,"comment_status":"closed","ping_status":"closed","template":"","meta":[],"class_list":{"0":"post-248","1":"product","2":"type-product","3":"status-publish","4":"has-post-thumbnail","6":"product_cat-orteses","8":"first","9":"instock","10":"shipping-taxable","11":"product-type-simple"},"_links":{"self":[{"href":"https:\/\/www.ortopedicav2.com.br\/site\/wp-json\/wp\/v2\/product\/248"}],"collection":[{"href":"https:\/\/www.ortopedicav2.com.br\/site\/wp-json\/wp\/v2\/product"}],"about":[{"href":"https:\/\/www.ortopedicav2.com.br\/site\/wp-json\/wp\/v2\/types\/product"}],"replies":[{"embeddable":true,"href":"https:\/\/www.ortopedicav2.com.br\/site\/wp-json\/wp\/v2\/comments?post=248"}],"wp:featuredmedia":[{"embeddable":true,"href":"https:\/\/www.ortopedicav2.com.br\/site\/wp-json\/wp\/v2\/media\/249"}],"wp:attachment":[{"href":"https:\/\/www.ortopedicav2.com.br\/site\/wp-json\/wp\/v2\/media?parent=248"}],"curies":[{"name":"wp","href":"https:\/\/api.w.org\/{rel}","templated":true}]}}