{"id":250,"date":"2022-09-13T11:15:42","date_gmt":"2022-09-13T14:15:42","guid":{"rendered":"https:\/\/www.ortopedicav2.com.br\/site\/?post_type=product&#038;p=250"},"modified":"2024-11-12T19:48:29","modified_gmt":"2024-11-12T22:48:29","slug":"joelheira-vedacao-coto-transtibial-gel-flexivel-ortho-pauher","status":"publish","type":"product","link":"https:\/\/www.ortopedicav2.com.br\/site\/produto\/joelheira-vedacao-coto-transtibial-gel-flexivel-ortho-pauher\/","title":{"rendered":"Joelheira Veda\u00e7\u00e3o Coto Transtibial Gel Flexivel Ortho Pauher"},"content":{"rendered":"<p>Dispositivo de forma tubular, fabricado em Gel Flex\u00edvel revestido com tecido an\u00e9rgico proporcionando uma perfeita suspens\u00e3o da pr\u00f3tese ao membro inferior amputado facilitando \u00e0 adapta\u00e7\u00e3o do usu\u00e1rio.<\/p>\n<p>Tamanhos: ( Medida Acima do Cartucho da Protese)<br \/>\nP (24 &#8211; 29 cm)<br \/>\nM (27 &#8211; 32 cm)<br \/>\nG (30 &#8211; 35 cm)<br \/>\nGG (33 &#8211; 38 cm)<\/p>\n<p>Composi\u00e7\u00e3o: Gel Pol\u00edmero de Alta Densidade e Tecido.<\/p>\n","protected":false},"excerpt":{"rendered":"<p>Dispositivo de forma tubular, fabricado em Gel Flex\u00edvel revestido com tecido an\u00e9rgico proporcionando uma perfeita suspens\u00e3o da pr\u00f3tese ao membro inferior amputado facilitando \u00e0 adapta\u00e7\u00e3o do usu\u00e1rio. Tamanhos: ( Medida Acima do Cartucho da Protese) P (24 &#8211; 29 cm) M (27 &#8211; 32 cm) G (30 &#8211; 35 cm) GG (33 &#8211; 38 cm) [&hellip;]<\/p>\n","protected":false},"featured_media":251,"comment_status":"closed","ping_status":"closed","template":"","meta":[],"class_list":{"0":"post-250","1":"product","2":"type-product","3":"status-publish","4":"has-post-thumbnail","6":"product_cat-joelheiras","8":"first","9":"instock","10":"shipping-taxable","11":"product-type-simple"},"_links":{"self":[{"href":"https:\/\/www.ortopedicav2.com.br\/site\/wp-json\/wp\/v2\/product\/250"}],"collection":[{"href":"https:\/\/www.ortopedicav2.com.br\/site\/wp-json\/wp\/v2\/product"}],"about":[{"href":"https:\/\/www.ortopedicav2.com.br\/site\/wp-json\/wp\/v2\/types\/product"}],"replies":[{"embeddable":true,"href":"https:\/\/www.ortopedicav2.com.br\/site\/wp-json\/wp\/v2\/comments?post=250"}],"wp:featuredmedia":[{"embeddable":true,"href":"https:\/\/www.ortopedicav2.com.br\/site\/wp-json\/wp\/v2\/media\/251"}],"wp:attachment":[{"href":"https:\/\/www.ortopedicav2.com.br\/site\/wp-json\/wp\/v2\/media?parent=250"}],"curies":[{"name":"wp","href":"https:\/\/api.w.org\/{rel}","templated":true}]}}