{"id":252,"date":"2022-09-13T11:26:38","date_gmt":"2022-09-13T14:26:38","guid":{"rendered":"https:\/\/www.ortopedicav2.com.br\/site\/?post_type=product&#038;p=252"},"modified":"2024-11-12T19:48:29","modified_gmt":"2024-11-12T22:48:29","slug":"joelheira-alps-extreme-3mm","status":"publish","type":"product","link":"https:\/\/www.ortopedicav2.com.br\/site\/produto\/joelheira-alps-extreme-3mm\/","title":{"rendered":"Joelheira Alps Extreme 3MM"},"content":{"rendered":"<p>ALPS Extreme Sleeve tem conforto superior fornecido pelo ALPS Gel. O SFK limitou o estiramento vertical e a elasticidade do tecido ainda permite ao usu\u00e1rio uma excelente liberdade de flex\u00e3o do joelho. A manga Extreme tamb\u00e9m consegue uma suspens\u00e3o segura por selagem com a pele sem restringir a circula\u00e7\u00e3o, enquanto o Grip Gel adere para a pele do paciente sem causar for\u00e7as de cisalhamento. O Gel ajudar\u00e1 a evitar que a joelheira role para baixo do membro amputado.<\/p>\n<p><b class=\"cor-secundaria\">Tamanho da Joelheira<\/b>:<\/p>\n<ul>\n<li><a class=\"atributo-item\" data-grade-id=\"1960043\" data-variacao-id=\"6656015\" data-pode-ter-imagens=\"false\">20 &#8211; 24cm<\/a><\/li>\n<li><a class=\"atributo-item\" data-grade-id=\"1960043\" data-variacao-id=\"6656018\" data-pode-ter-imagens=\"false\">25 &#8211; 30cm<\/a><\/li>\n<li><a class=\"atributo-item\" data-grade-id=\"1960043\" data-variacao-id=\"6656019\" data-pode-ter-imagens=\"false\">31 &#8211; 34cm<\/a><\/li>\n<li><a class=\"atributo-item\" data-grade-id=\"1960043\" data-variacao-id=\"6656020\" data-pode-ter-imagens=\"false\">35 &#8211; 37cm<\/a><\/li>\n<li><a class=\"atributo-item\" data-grade-id=\"1960043\" data-variacao-id=\"6656022\" data-pode-ter-imagens=\"false\">38 &#8211; 40cm<\/a><\/li>\n<li><a class=\"atributo-item\" data-grade-id=\"1960043\" data-variacao-id=\"6656023\" data-pode-ter-imagens=\"false\">41 &#8211; 45cm<\/a><\/li>\n<li><a class=\"atributo-item\" data-grade-id=\"1960043\" data-variacao-id=\"6656025\" data-pode-ter-imagens=\"false\">46 &#8211; 60cm<\/a><\/li>\n<li><a class=\"atributo-item\" data-grade-id=\"1960043\" data-variacao-id=\"6656026\" data-pode-ter-imagens=\"false\">61 &#8211; 70cm<\/a><\/li>\n<\/ul>\n","protected":false},"excerpt":{"rendered":"<p>ALPS Extreme Sleeve tem conforto superior fornecido pelo ALPS Gel. O SFK limitou o estiramento vertical e a elasticidade do tecido ainda permite ao usu\u00e1rio uma excelente liberdade de flex\u00e3o do joelho. A manga Extreme tamb\u00e9m consegue uma suspens\u00e3o segura por selagem com a pele sem restringir a circula\u00e7\u00e3o, enquanto o Grip Gel adere para [&hellip;]<\/p>\n","protected":false},"featured_media":253,"comment_status":"closed","ping_status":"closed","template":"","meta":[],"class_list":{"0":"post-252","1":"product","2":"type-product","3":"status-publish","4":"has-post-thumbnail","6":"product_cat-joelheiras","8":"first","9":"instock","10":"shipping-taxable","11":"product-type-simple"},"_links":{"self":[{"href":"https:\/\/www.ortopedicav2.com.br\/site\/wp-json\/wp\/v2\/product\/252"}],"collection":[{"href":"https:\/\/www.ortopedicav2.com.br\/site\/wp-json\/wp\/v2\/product"}],"about":[{"href":"https:\/\/www.ortopedicav2.com.br\/site\/wp-json\/wp\/v2\/types\/product"}],"replies":[{"embeddable":true,"href":"https:\/\/www.ortopedicav2.com.br\/site\/wp-json\/wp\/v2\/comments?post=252"}],"wp:featuredmedia":[{"embeddable":true,"href":"https:\/\/www.ortopedicav2.com.br\/site\/wp-json\/wp\/v2\/media\/253"}],"wp:attachment":[{"href":"https:\/\/www.ortopedicav2.com.br\/site\/wp-json\/wp\/v2\/media?parent=252"}],"curies":[{"name":"wp","href":"https:\/\/api.w.org\/{rel}","templated":true}]}}