{"id":260,"date":"2022-09-13T11:45:09","date_gmt":"2022-09-13T14:45:09","guid":{"rendered":"https:\/\/www.ortopedicav2.com.br\/site\/?post_type=product&#038;p=260"},"modified":"2024-11-12T19:48:29","modified_gmt":"2024-11-12T22:48:29","slug":"joelheira-para-protese-transtibial-iceform-sleeves-ossur","status":"publish","type":"product","link":"https:\/\/www.ortopedicav2.com.br\/site\/produto\/joelheira-para-protese-transtibial-iceform-sleeves-ossur\/","title":{"rendered":"Joelheira para Pr\u00f3tese Transtibial Iceform Sleeves Ossur"},"content":{"rendered":"<p>Joelheira de Veda\u00e7\u00e3o para Pr\u00f3tese Transtibial Iceform Sleeves da marca Ossur. Feita de elast\u00f4mero termopl\u00e1stico (TPE) e coberta com tecido dur\u00e1vel sem costura. Tenha mais seguran\u00e7a ao utilizar a sua pr\u00f3tese com uma maior fixa\u00e7\u00e3o!<\/p>\n<h3><strong>Caracter\u00edsticas<\/strong><\/h3>\n<p><span style=\"font-family: Arial, Helvetica, sans-serif;\">\u00a0A<b>\u00a0<\/b>Joelheira de Veda\u00e7\u00e3o da Ossur possui diversos benef\u00edcios:<\/span><\/p>\n<ul>\n<li>Sistema Wave &#8211; ondula\u00e7\u00f5es na parte central da joelheira, tornando mais f\u00e1cil de ser flexionada no joelho, permitindo ao usu\u00e1rio uma melhor adapta\u00e7\u00e3o aos movimentos do joelho;<\/li>\n<li>Possui an\u00e9is internos que aumentam a fixa\u00e7\u00e3o da pr\u00f3tese<\/li>\n<li>O Sistema Wave proporciona menos resist\u00eancia, que significa menos energia para flexionar o joelho. Ela possui um sistema onde\u00a0se estica de maneira eficaz na frente e se dobra de maneira controlada por traz do joelho.<\/li>\n<li>Alta durabilidade<\/li>\n<li>Resist\u00eancia<\/li>\n<li>Facilita a caminhada<\/li>\n<li>Excelente acabamento<\/li>\n<\/ul>\n<div class=\"atributos\">\n<h3 class=\"atributo-comum\"><b class=\"cor-secundaria\">Tamanho Circunfer\u00eancia\u00a0<\/b>:<\/h3>\n<ul>\n<li><a class=\"atributo-item\" data-grade-id=\"1594705\" data-variacao-id=\"6284242\" data-pode-ter-imagens=\"false\">Standard 35<\/a><\/li>\n<li><a class=\"atributo-item\" data-grade-id=\"1594705\" data-variacao-id=\"6284246\" data-pode-ter-imagens=\"false\">Standard 41<\/a><\/li>\n<li><a class=\"atributo-item\" data-grade-id=\"1594705\" data-variacao-id=\"6284247\" data-pode-ter-imagens=\"false\">Standard 49<\/a><\/li>\n<li><a class=\"atributo-item\" data-grade-id=\"1594705\" data-variacao-id=\"6247955\" data-pode-ter-imagens=\"false\">Standard 55<\/a><\/li>\n<li><a class=\"atributo-item\" data-grade-id=\"1594705\" data-variacao-id=\"6284249\" data-pode-ter-imagens=\"false\">Standard 62<\/a><\/li>\n<\/ul>\n<\/div>\n<div class=\"acoes-produto SKU-YX378ZVBF\" data-produto-id=\"131224883\" data-variacao-id=\"\">\n<div>\n<div class=\"preco-produto destaque-preco \"><\/div>\n<\/div>\n<\/div>\n","protected":false},"excerpt":{"rendered":"<p>Joelheira de Veda\u00e7\u00e3o para Pr\u00f3tese Transtibial Iceform Sleeves da marca Ossur. Feita de elast\u00f4mero termopl\u00e1stico (TPE) e coberta com tecido dur\u00e1vel sem costura. Tenha mais seguran\u00e7a ao utilizar a sua pr\u00f3tese com uma maior fixa\u00e7\u00e3o! Caracter\u00edsticas \u00a0A\u00a0Joelheira de Veda\u00e7\u00e3o da Ossur possui diversos benef\u00edcios: Sistema Wave &#8211; ondula\u00e7\u00f5es na parte central da joelheira, tornando mais [&hellip;]<\/p>\n","protected":false},"featured_media":261,"comment_status":"closed","ping_status":"closed","template":"","meta":[],"class_list":{"0":"post-260","1":"product","2":"type-product","3":"status-publish","4":"has-post-thumbnail","6":"product_cat-joelheiras","8":"first","9":"instock","10":"shipping-taxable","11":"product-type-simple"},"_links":{"self":[{"href":"https:\/\/www.ortopedicav2.com.br\/site\/wp-json\/wp\/v2\/product\/260"}],"collection":[{"href":"https:\/\/www.ortopedicav2.com.br\/site\/wp-json\/wp\/v2\/product"}],"about":[{"href":"https:\/\/www.ortopedicav2.com.br\/site\/wp-json\/wp\/v2\/types\/product"}],"replies":[{"embeddable":true,"href":"https:\/\/www.ortopedicav2.com.br\/site\/wp-json\/wp\/v2\/comments?post=260"}],"wp:featuredmedia":[{"embeddable":true,"href":"https:\/\/www.ortopedicav2.com.br\/site\/wp-json\/wp\/v2\/media\/261"}],"wp:attachment":[{"href":"https:\/\/www.ortopedicav2.com.br\/site\/wp-json\/wp\/v2\/media?parent=260"}],"curies":[{"name":"wp","href":"https:\/\/api.w.org\/{rel}","templated":true}]}}