{"id":262,"date":"2022-09-13T11:48:00","date_gmt":"2022-09-13T14:48:00","guid":{"rendered":"https:\/\/www.ortopedicav2.com.br\/site\/?post_type=product&#038;p=262"},"modified":"2024-11-12T19:48:29","modified_gmt":"2024-11-12T22:48:29","slug":"joelheira-de-silicone-derma-protection-ottobock","status":"publish","type":"product","link":"https:\/\/www.ortopedicav2.com.br\/site\/produto\/joelheira-de-silicone-derma-protection-ottobock\/","title":{"rendered":"Joelheira de Silicone Derma Protection Ottobock"},"content":{"rendered":"<div class=\"line\">\n<h3 class=\"title big\"><\/h3>\n<\/div>\n<div class=\"paddingbox\">\n<ul>\n<li>Luva de suspens\u00e3o transtibial para o joelho que permite a ader\u00eancia \/ estabilidade entre o coto e a pr\u00f3tese<\/li>\n<li>Pode ser utilizada em sistemas de suspens\u00e3o principal de ader\u00eancia ou em conjunto com v\u00e1lvulas<\/li>\n<li>Indicada para usu\u00e1rios de pr\u00f3tese transtibial com baixo a m\u00e9dio n\u00edvel de atividade f\u00edsica<\/li>\n<\/ul>\n<h3 id=\"carac\" class=\"produto-caracteristica\">Caracter\u00edsticas<\/h3>\n<ul>\n<li>Oferece ader\u00eancia ideal ao encaixe e \u00e0 pele, al\u00e9m de sua elasticidade ajudar a maximizar a liberdade de movimento do joelho<\/li>\n<li>Feita em gel de copol\u00edmero misturado com \u00f3leo branco medicinal hipoalerg\u00eanico que dissolve-se do gel e oferece um cuidado adicional \u00e0 pele<\/li>\n<li>Prolonga o tempo de uso da pr\u00f3tese, aumentando o conforto<\/li>\n<\/ul>\n<h3 id=\"espec\" class=\"produto-especificacoes\">Especifica\u00e7\u00f5es<\/h3>\n<ul>\n<li>Cont\u00e9m\u00a0<strong>01 unidade<\/strong><\/li>\n<li>Modelo: 453A2<\/li>\n<li>ANVISA 10292010038<\/li>\n<li>Composi\u00e7\u00e3o: gel de pol\u00edmero (TPE)<\/li>\n<li>Pr\u00f3tese n\u00e3o inclusa<\/li>\n<\/ul>\n<\/div>\n","protected":false},"excerpt":{"rendered":"<p>Luva de suspens\u00e3o transtibial para o joelho que permite a ader\u00eancia \/ estabilidade entre o coto e a pr\u00f3tese Pode ser utilizada em sistemas de suspens\u00e3o principal de ader\u00eancia ou em conjunto com v\u00e1lvulas Indicada para usu\u00e1rios de pr\u00f3tese transtibial com baixo a m\u00e9dio n\u00edvel de atividade f\u00edsica Caracter\u00edsticas Oferece ader\u00eancia ideal ao encaixe e [&hellip;]<\/p>\n","protected":false},"featured_media":263,"comment_status":"closed","ping_status":"closed","template":"","meta":[],"class_list":{"0":"post-262","1":"product","2":"type-product","3":"status-publish","4":"has-post-thumbnail","6":"product_cat-joelheiras","8":"first","9":"instock","10":"shipping-taxable","11":"product-type-simple"},"_links":{"self":[{"href":"https:\/\/www.ortopedicav2.com.br\/site\/wp-json\/wp\/v2\/product\/262"}],"collection":[{"href":"https:\/\/www.ortopedicav2.com.br\/site\/wp-json\/wp\/v2\/product"}],"about":[{"href":"https:\/\/www.ortopedicav2.com.br\/site\/wp-json\/wp\/v2\/types\/product"}],"replies":[{"embeddable":true,"href":"https:\/\/www.ortopedicav2.com.br\/site\/wp-json\/wp\/v2\/comments?post=262"}],"wp:featuredmedia":[{"embeddable":true,"href":"https:\/\/www.ortopedicav2.com.br\/site\/wp-json\/wp\/v2\/media\/263"}],"wp:attachment":[{"href":"https:\/\/www.ortopedicav2.com.br\/site\/wp-json\/wp\/v2\/media?parent=262"}],"curies":[{"name":"wp","href":"https:\/\/api.w.org\/{rel}","templated":true}]}}