{"id":268,"date":"2022-09-13T13:51:32","date_gmt":"2022-09-13T16:51:32","guid":{"rendered":"https:\/\/www.ortopedicav2.com.br\/site\/?post_type=product&#038;p=268"},"modified":"2024-11-12T19:48:29","modified_gmt":"2024-11-12T22:48:29","slug":"pe-para-protese-dilepe-velocity","status":"publish","type":"product","link":"https:\/\/www.ortopedicav2.com.br\/site\/produto\/pe-para-protese-dilepe-velocity\/","title":{"rendered":"P\u00e9 para pr\u00f3tese Dilep\u00e9 Velocity"},"content":{"rendered":"<p>Oferecendo um perfil mais alto, as l\u00e2minas de fibra de carbono acopladas do Velocity trabalham em conjunto para fornecer uma passada progressiva e din\u00e2mica. O amortecedor posterior gera estabilidade, enquanto o amortecedor anterior cria firmeza din\u00e2mica conforme carregado. Proporcionando um p\u00e9 confort\u00e1vel para caminhar e que entra em a\u00e7\u00e3o durante atividades de alto impacto como corridas e esportes.<\/p>\n<p>Fabricado em alum\u00ednio aeron\u00e1utico, a estrutura do Velocity \u00e9 refor\u00e7ada para maior resist\u00eancia e redu\u00e7\u00e3o de ru\u00eddo. As l\u00e2minas de fibra de carbono \u00e9 composta da tecnologia Intelliweave (patenteada pela College-Park) traz a qualidade m\u00e1xima de for\u00e7a e flexibilidade. As fibras s\u00e3o tecidas \u00e0 m\u00e3o em um padr\u00e3o 3D para m\u00e1xima durabilidade e resposta precisa da marcha.<\/p>\n","protected":false},"excerpt":{"rendered":"<p>Oferecendo um perfil mais alto, as l\u00e2minas de fibra de carbono acopladas do Velocity trabalham em conjunto para fornecer uma passada progressiva e din\u00e2mica. O amortecedor posterior gera estabilidade, enquanto o amortecedor anterior cria firmeza din\u00e2mica conforme carregado. Proporcionando um p\u00e9 confort\u00e1vel para caminhar e que entra em a\u00e7\u00e3o durante atividades de alto impacto como [&hellip;]<\/p>\n","protected":false},"featured_media":269,"comment_status":"closed","ping_status":"closed","template":"","meta":[],"class_list":{"0":"post-268","1":"product","2":"type-product","3":"status-publish","4":"has-post-thumbnail","6":"product_cat-pe-para-protese","8":"first","9":"instock","10":"shipping-taxable","11":"product-type-simple"},"_links":{"self":[{"href":"https:\/\/www.ortopedicav2.com.br\/site\/wp-json\/wp\/v2\/product\/268"}],"collection":[{"href":"https:\/\/www.ortopedicav2.com.br\/site\/wp-json\/wp\/v2\/product"}],"about":[{"href":"https:\/\/www.ortopedicav2.com.br\/site\/wp-json\/wp\/v2\/types\/product"}],"replies":[{"embeddable":true,"href":"https:\/\/www.ortopedicav2.com.br\/site\/wp-json\/wp\/v2\/comments?post=268"}],"wp:featuredmedia":[{"embeddable":true,"href":"https:\/\/www.ortopedicav2.com.br\/site\/wp-json\/wp\/v2\/media\/269"}],"wp:attachment":[{"href":"https:\/\/www.ortopedicav2.com.br\/site\/wp-json\/wp\/v2\/media?parent=268"}],"curies":[{"name":"wp","href":"https:\/\/api.w.org\/{rel}","templated":true}]}}