{"id":270,"date":"2022-09-13T13:55:45","date_gmt":"2022-09-13T16:55:45","guid":{"rendered":"https:\/\/www.ortopedicav2.com.br\/site\/?post_type=product&#038;p=270"},"modified":"2024-11-12T19:48:29","modified_gmt":"2024-11-12T22:48:29","slug":"pe-para-protese-dilepe-accent","status":"publish","type":"product","link":"https:\/\/www.ortopedicav2.com.br\/site\/produto\/pe-para-protese-dilepe-accent\/","title":{"rendered":"P\u00e9 para pr\u00f3tese Dilep\u00e9 Accent"},"content":{"rendered":"<p>O Accent oferece ajuste de 5 cm da altura do salto simplesmente apertando um bot\u00e3o. Com op\u00e7\u00f5es de acabamento cosm\u00e9tico superior no formato de um p\u00e9, sem necessidade de manuten\u00e7\u00e3o, \u00e9 poss\u00edvel atender os cal\u00e7ados mais exigentes.<\/p>\n","protected":false},"excerpt":{"rendered":"<p>O Accent oferece ajuste de 5 cm da altura do salto simplesmente apertando um bot\u00e3o. Com op\u00e7\u00f5es de acabamento cosm\u00e9tico superior no formato de um p\u00e9, sem necessidade de manuten\u00e7\u00e3o, \u00e9 poss\u00edvel atender os cal\u00e7ados mais exigentes.<\/p>\n","protected":false},"featured_media":271,"comment_status":"closed","ping_status":"closed","template":"","meta":[],"class_list":{"0":"post-270","1":"product","2":"type-product","3":"status-publish","4":"has-post-thumbnail","6":"product_cat-pe-para-protese","8":"first","9":"instock","10":"shipping-taxable","11":"product-type-simple"},"_links":{"self":[{"href":"https:\/\/www.ortopedicav2.com.br\/site\/wp-json\/wp\/v2\/product\/270"}],"collection":[{"href":"https:\/\/www.ortopedicav2.com.br\/site\/wp-json\/wp\/v2\/product"}],"about":[{"href":"https:\/\/www.ortopedicav2.com.br\/site\/wp-json\/wp\/v2\/types\/product"}],"replies":[{"embeddable":true,"href":"https:\/\/www.ortopedicav2.com.br\/site\/wp-json\/wp\/v2\/comments?post=270"}],"wp:featuredmedia":[{"embeddable":true,"href":"https:\/\/www.ortopedicav2.com.br\/site\/wp-json\/wp\/v2\/media\/271"}],"wp:attachment":[{"href":"https:\/\/www.ortopedicav2.com.br\/site\/wp-json\/wp\/v2\/media?parent=270"}],"curies":[{"name":"wp","href":"https:\/\/api.w.org\/{rel}","templated":true}]}}