{"id":272,"date":"2022-09-13T14:05:48","date_gmt":"2022-09-13T17:05:48","guid":{"rendered":"https:\/\/www.ortopedicav2.com.br\/site\/?post_type=product&#038;p=272"},"modified":"2024-11-12T19:48:29","modified_gmt":"2024-11-12T22:48:29","slug":"pe-para-protese-dilepe-celsius","status":"publish","type":"product","link":"https:\/\/www.ortopedicav2.com.br\/site\/produto\/pe-para-protese-dilepe-celsius\/","title":{"rendered":"p\u00e9 para pr\u00f3tese dilep\u00e9 celsius"},"content":{"rendered":"<p>O Celsus oferece uma \u00f3tima op\u00e7\u00e3o para o mercado de pr\u00f3teses de p\u00e9. Seu formato equilibrado e sua fun\u00e7\u00e3o natural oferecem transi\u00e7\u00f5es suaves e est\u00e1veis. O p\u00e9 leve e perfeito que proporciona confian\u00e7a e seguran\u00e7a a seus pacientes com um impacto baixo e moderado.<\/p>\n","protected":false},"excerpt":{"rendered":"<p>O Celsus oferece uma \u00f3tima op\u00e7\u00e3o para o mercado de pr\u00f3teses de p\u00e9. Seu formato equilibrado e sua fun\u00e7\u00e3o natural oferecem transi\u00e7\u00f5es suaves e est\u00e1veis. O p\u00e9 leve e perfeito que proporciona confian\u00e7a e seguran\u00e7a a seus pacientes com um impacto baixo e moderado.<\/p>\n","protected":false},"featured_media":273,"comment_status":"closed","ping_status":"closed","template":"","meta":[],"class_list":{"0":"post-272","1":"product","2":"type-product","3":"status-publish","4":"has-post-thumbnail","6":"product_cat-pe-para-protese","8":"first","9":"instock","10":"shipping-taxable","11":"product-type-simple"},"_links":{"self":[{"href":"https:\/\/www.ortopedicav2.com.br\/site\/wp-json\/wp\/v2\/product\/272"}],"collection":[{"href":"https:\/\/www.ortopedicav2.com.br\/site\/wp-json\/wp\/v2\/product"}],"about":[{"href":"https:\/\/www.ortopedicav2.com.br\/site\/wp-json\/wp\/v2\/types\/product"}],"replies":[{"embeddable":true,"href":"https:\/\/www.ortopedicav2.com.br\/site\/wp-json\/wp\/v2\/comments?post=272"}],"wp:featuredmedia":[{"embeddable":true,"href":"https:\/\/www.ortopedicav2.com.br\/site\/wp-json\/wp\/v2\/media\/273"}],"wp:attachment":[{"href":"https:\/\/www.ortopedicav2.com.br\/site\/wp-json\/wp\/v2\/media?parent=272"}],"curies":[{"name":"wp","href":"https:\/\/api.w.org\/{rel}","templated":true}]}}