{"id":65,"date":"2021-02-12T14:29:59","date_gmt":"2021-02-12T17:29:59","guid":{"rendered":"https:\/\/www.ortopedicav2.com.br\/site\/?post_type=product&#038;p=65"},"modified":"2024-11-12T19:48:30","modified_gmt":"2024-11-12T22:48:30","slug":"afo","status":"publish","type":"product","link":"https:\/\/www.ortopedicav2.com.br\/site\/produto\/afo\/","title":{"rendered":"AFO"},"content":{"rendered":"<p>As \u00f3rtese tipo AFO \u00e9 um dispositivo fabricado sob medida e tem como fun\u00e7\u00e3o a estabiliza\u00e7\u00e3o, corre\u00e7\u00e3o e manuten\u00e7\u00e3o das articula\u00e7\u00f5es que envolvem o complexo do p\u00e9, tal como a articula\u00e7\u00e3o do tornozelo. Al\u00e9m de favorecer quest\u00f5es biomec\u00e2nicas relacionadas a marcha e a ortostase do paciente.<\/p>\n<p>Ela pode ser feita fixa ou articulada conforme prescri\u00e7\u00e3o e necessidade do paciente.<\/p>\n<p>Feita sob medida.<\/p>\n<p>Confeccionado em polipropileno com cobertura em EVA e fechos em velcro.<\/p>\n","protected":false},"excerpt":{"rendered":"<p>As \u00f3rtese tipo AFO \u00e9 um dispositivo fabricado sob medida e tem como fun\u00e7\u00e3o a estabiliza\u00e7\u00e3o, corre\u00e7\u00e3o e manuten\u00e7\u00e3o das articula\u00e7\u00f5es que envolvem o complexo do p\u00e9, tal como a articula\u00e7\u00e3o do tornozelo. Al\u00e9m de favorecer quest\u00f5es biomec\u00e2nicas relacionadas a marcha e a ortostase do paciente. Ela pode ser feita fixa ou articulada conforme prescri\u00e7\u00e3o [&hellip;]<\/p>\n","protected":false},"featured_media":108,"comment_status":"closed","ping_status":"closed","template":"","meta":[],"class_list":{"0":"post-65","1":"product","2":"type-product","3":"status-publish","4":"has-post-thumbnail","6":"product_cat-orteses","8":"first","9":"instock","10":"featured","11":"shipping-taxable","12":"product-type-simple"},"_links":{"self":[{"href":"https:\/\/www.ortopedicav2.com.br\/site\/wp-json\/wp\/v2\/product\/65"}],"collection":[{"href":"https:\/\/www.ortopedicav2.com.br\/site\/wp-json\/wp\/v2\/product"}],"about":[{"href":"https:\/\/www.ortopedicav2.com.br\/site\/wp-json\/wp\/v2\/types\/product"}],"replies":[{"embeddable":true,"href":"https:\/\/www.ortopedicav2.com.br\/site\/wp-json\/wp\/v2\/comments?post=65"}],"wp:featuredmedia":[{"embeddable":true,"href":"https:\/\/www.ortopedicav2.com.br\/site\/wp-json\/wp\/v2\/media\/108"}],"wp:attachment":[{"href":"https:\/\/www.ortopedicav2.com.br\/site\/wp-json\/wp\/v2\/media?parent=65"}],"curies":[{"name":"wp","href":"https:\/\/api.w.org\/{rel}","templated":true}]}}