{"id":81,"date":"2022-06-29T15:42:08","date_gmt":"2022-06-29T18:42:08","guid":{"rendered":"https:\/\/www.ortopedicav2.com.br\/site\/?post_type=product&#038;p=81"},"modified":"2024-11-12T19:48:30","modified_gmt":"2024-11-12T22:48:30","slug":"smo","status":"publish","type":"product","link":"https:\/\/www.ortopedicav2.com.br\/site\/produto\/smo\/","title":{"rendered":"SMO"},"content":{"rendered":"<p>A \u00d3rtese Supramaleolar (SMO) \u00e9 indicada quando h\u00e1 necessidade de estabilizar a articula\u00e7\u00e3o sub-talar (m\u00e9dio-lateral) evitando assim, o varo ou valgo do tornozelo.<\/p>\n<p>Feita sob medida.<\/p>\n<p>Confeccionado em polipropileno com cobertura em EVA e fechos em velcro.<\/p>\n<p>&nbsp;<\/p>\n","protected":false},"excerpt":{"rendered":"<p>A \u00d3rtese Supramaleolar (SMO) \u00e9 indicada quando h\u00e1 necessidade de estabilizar a articula\u00e7\u00e3o sub-talar (m\u00e9dio-lateral) evitando assim, o varo ou valgo do tornozelo. Feita sob medida. Confeccionado em polipropileno com cobertura em EVA e fechos em velcro. &nbsp;<\/p>\n","protected":false},"featured_media":121,"comment_status":"closed","ping_status":"closed","template":"","meta":[],"class_list":{"0":"post-81","1":"product","2":"type-product","3":"status-publish","4":"has-post-thumbnail","6":"product_cat-orteses","8":"first","9":"instock","10":"shipping-taxable","11":"product-type-simple"},"_links":{"self":[{"href":"https:\/\/www.ortopedicav2.com.br\/site\/wp-json\/wp\/v2\/product\/81"}],"collection":[{"href":"https:\/\/www.ortopedicav2.com.br\/site\/wp-json\/wp\/v2\/product"}],"about":[{"href":"https:\/\/www.ortopedicav2.com.br\/site\/wp-json\/wp\/v2\/types\/product"}],"replies":[{"embeddable":true,"href":"https:\/\/www.ortopedicav2.com.br\/site\/wp-json\/wp\/v2\/comments?post=81"}],"wp:featuredmedia":[{"embeddable":true,"href":"https:\/\/www.ortopedicav2.com.br\/site\/wp-json\/wp\/v2\/media\/121"}],"wp:attachment":[{"href":"https:\/\/www.ortopedicav2.com.br\/site\/wp-json\/wp\/v2\/media?parent=81"}],"curies":[{"name":"wp","href":"https:\/\/api.w.org\/{rel}","templated":true}]}}